{"id":435,"date":"2017-09-13T10:32:53","date_gmt":"2017-09-13T08:32:53","guid":{"rendered":"https:\/\/www.escapelab.fr\/?page_id=435"},"modified":"2017-10-23T20:09:34","modified_gmt":"2017-10-23T18:09:34","slug":"concept","status":"publish","type":"page","link":"https:\/\/www.escapelab.fr\/en\/concept\/","title":{"rendered":"The Escape LAB concept"},"content":{"rendered":"<div id=\"pl-435\"  class=\"panel-layout\" ><div id=\"pg-435-0\"  class=\"panel-grid panel-has-style\" ><div class=\"siteorigin-panels-stretch panel-row-style-full-width panel-row-style panel-row-style-for-435-0\" data-stretch-type=\"full-stretched\" ><div id=\"pgc-435-0-0\"  class=\"panel-grid-cell panel-grid-cell-empty\" ><\/div><\/div><\/div><div id=\"pg-435-1\"  class=\"panel-grid panel-has-style\" ><div class=\"siteorigin-panels-stretch panel-row-style-full-width panel-row-style panel-row-style-for-435-1\" data-stretch-type=\"full\" ><div id=\"pgc-435-1-0\"  class=\"panel-grid-cell\" ><div id=\"panel-435-1-0-0\" class=\"so-panel widget widget_sow-headline panel-first-child panel-last-child\" data-index=\"0\" ><div class=\"panel-widget-style panel-widget-style-for-435-1-0-0\" ><div\n\t\t\t\n\t\t\tclass=\"so-widget-sow-headline so-widget-sow-headline-default-064acefe6981-435\"\n\t\t\t\n\t\t><div class=\"sow-headline-container\">\n\t\t\t\t\t\t\t<h1 class=\"sow-headline\">\n\t\t\t\t\t\tAre you an escape room creator? We've created The Escape LAB' for you! An exceptional venue dedicated to escape games, privileged conditions and a unique collaborative project to help you set up in new towns!\t\t\t\t\t\t<\/h1>\n\t\t\t\t\t\t<\/div>\n<\/div><\/div><\/div><\/div><\/div><\/div><div id=\"pg-435-2\"  class=\"panel-grid panel-has-style\" ><div class=\"siteorigin-panels-stretch panel-row-style-full-width panel-row-style panel-row-style-for-435-2\" data-stretch-type=\"full-stretched\" ><div id=\"pgc-435-2-0\"  class=\"panel-grid-cell\" ><div id=\"panel-435-2-0-0\" class=\"so-panel widget widget_sow-icon panel-first-child\" data-index=\"1\" ><div\n\t\t\t\n\t\t\tclass=\"so-widget-sow-icon so-widget-sow-icon-default-41fa48acc6a9-435\"\n\t\t\t\n\t\t>\n<div class=\"sow-icon-container sow-icon\">\n\t\t\t<span class=\"sow-icon-elegantline\" data-sow-icon=\"&#xe03c;\"\n\t\t \n\t\taria-hidden=\"true\"><\/span>\t<\/div>\n<\/div><\/div><div id=\"panel-435-2-0-1\" class=\"so-panel widget widget_sow-editor panel-last-child\" data-index=\"2\" ><div class=\"panel-widget-style panel-widget-style-for-435-2-0-1\" ><div\n\t\t\t\n\t\t\tclass=\"so-widget-sow-editor so-widget-sow-editor-base\"\n\t\t\t\n\t\t>\n<div class=\"siteorigin-widget-tinymce textwidget\">\n\t<h1 style=\"text-align: center;\">LAB'<\/h1>\n<p style=\"text-align: justify;\">Create innovative escape rooms, with original puzzles and mechanisms for a wide audience. The Escape LAB has a workshop and an area dedicated to creativity so that you can work on site with your teams.<\/p>\n<\/div>\n<\/div><\/div><\/div><\/div><div id=\"pgc-435-2-1\"  class=\"panel-grid-cell\" ><div id=\"panel-435-2-1-0\" class=\"so-panel widget widget_sow-icon panel-first-child\" data-index=\"3\" ><div\n\t\t\t\n\t\t\tclass=\"so-widget-sow-icon so-widget-sow-icon-default-41fa48acc6a9-435\"\n\t\t\t\n\t\t>\n<div class=\"sow-icon-container sow-icon\">\n\t\t\t<span class=\"sow-icon-elegantline\" data-sow-icon=\"&#xe01d;\"\n\t\t \n\t\taria-hidden=\"true\"><\/span>\t<\/div>\n<\/div><\/div><div id=\"panel-435-2-1-1\" class=\"so-panel widget widget_sow-editor panel-last-child\" data-index=\"4\" ><div class=\"panel-widget-style panel-widget-style-for-435-2-1-1\" ><div\n\t\t\t\n\t\t\tclass=\"so-widget-sow-editor so-widget-sow-editor-base\"\n\t\t\t\n\t\t>\n<div class=\"siteorigin-widget-tinymce textwidget\">\n\t<h1 style=\"text-align: center;\">EXPERIENCE<\/h1>\n<p style=\"text-align: justify;\">The Escape LAB must offer a maximum number of game and team configurations. This new leisure centre has all the equipment, space and services needed to provide a unique experience for all participants.<\/p>\n<\/div>\n<\/div><\/div><\/div><\/div><div id=\"pgc-435-2-2\"  class=\"panel-grid-cell\" ><div id=\"panel-435-2-2-0\" class=\"so-panel widget widget_sow-icon panel-first-child\" data-index=\"5\" ><div class=\"panel-widget-style panel-widget-style-for-435-2-2-0\" ><div\n\t\t\t\n\t\t\tclass=\"so-widget-sow-icon so-widget-sow-icon-default-41fa48acc6a9-435\"\n\t\t\t\n\t\t>\n<div class=\"sow-icon-container sow-icon\">\n\t\t\t<span class=\"sow-icon-elegantline\" data-sow-icon=\"&#xe049;\"\n\t\t \n\t\taria-hidden=\"true\"><\/span>\t<\/div>\n<\/div><\/div><\/div><div id=\"panel-435-2-2-1\" class=\"so-panel widget widget_sow-editor panel-last-child\" data-index=\"6\" ><div\n\t\t\t\n\t\t\tclass=\"so-widget-sow-editor so-widget-sow-editor-base\"\n\t\t\t\n\t\t>\n<div class=\"siteorigin-widget-tinymce textwidget\">\n\t<h1 style=\"text-align: center;\">COLLABORATIVE<\/h1>\n<p style=\"text-align: justify;\">Each escape game creator has a dedicated space where they can set up their own world, their own brand, their own codes and their own animators.<\/p><\/div>\n<\/div><\/div><\/div><\/div><\/div><div id=\"pg-435-3\"  class=\"panel-grid panel-has-style\" ><div class=\"siteorigin-panels-stretch panel-row-style-full-width panel-row-style panel-row-style-for-435-3\" data-stretch-type=\"full\" ><div id=\"pgc-435-3-0\"  class=\"panel-grid-cell\" ><div id=\"panel-435-3-0-0\" class=\"so-panel widget widget_sow-button panel-first-child panel-last-child\" data-index=\"7\" ><div class=\"panel-widget-style panel-widget-style-for-435-3-0-0\" ><div\n\t\t\t\n\t\t\tclass=\"so-widget-sow-button so-widget-sow-button-flat-c41fc8baba85-435\"\n\t\t\t\n\t\t><div class=\"ow-button-base ow-button-align-center\"\n>\n\t\t\t<a\n\t\t\t\t\thref=\"https:\/\/www.escapelab.fr\/en\/apply-for-the-escape-lab\/\"\n\t\t\t\t\tclass=\"sowb-button ow-icon-placement-left ow-button-hover\" \t>\n\t\t<span>\n\t\t\t\n\t\t\tESCAPE ROOM CREATOR?  JOIN THE ADVENTURE\t\t<\/span>\n\t\t\t<\/a>\n\t<\/div>\n<\/div><\/div><\/div><\/div><div id=\"pgc-435-3-1\"  class=\"panel-grid-cell\" ><div id=\"panel-435-3-1-0\" class=\"so-panel widget widget_sow-button panel-first-child panel-last-child\" data-index=\"8\" ><div class=\"panel-widget-style panel-widget-style-for-435-3-1-0\" ><div\n\t\t\t\n\t\t\tclass=\"so-widget-sow-button so-widget-sow-button-flat-7ede41e2a936-435\"\n\t\t\t\n\t\t><div class=\"ow-button-base ow-button-align-center\"\n>\n\t\t\t<a\n\t\t\t\t\thref=\"https:\/\/www.escapelab.fr\/en\/recruitment\/\"\n\t\t\t\t\tclass=\"sowb-button ow-icon-placement-left ow-button-hover\" \t>\n\t\t<span>\n\t\t\t\n\t\t\tWE'RE RECRUITING! GAME-MASTER, MANAGER, EVENTS...\t\t<\/span>\n\t\t\t<\/a>\n\t<\/div>\n<\/div><\/div><\/div><\/div><\/div><\/div><\/div>","protected":false},"excerpt":{"rendered":"<p>Vous \u00eates cr\u00e9ateur d&rsquo;escape room ? Nous avons cr\u00e9\u00e9 The Escape LAB&rsquo; pour vous ! Un lieu exceptionnel d\u00e9di\u00e9 \u00e0 l&rsquo;escape game, des conditions privil\u00e9gi\u00e9es, un projet collaboratif in\u00e9dit pour vous installer dans de nouvelles villes ! LAB&rsquo; Cr\u00e9er des escape rooms innovantes, des \u00e9nigmes et des m\u00e9canismes originaux pour un public large. The Escape [&hellip;]<\/p>","protected":false},"author":4,"featured_media":0,"parent":0,"menu_order":0,"comment_status":"closed","ping_status":"closed","template":"templates\/template-full-notitle.php","meta":{"_acf_changed":false,"footnotes":""},"class_list":["post-435","page","type-page","status-publish","hentry","post"],"acf":[],"_links":{"self":[{"href":"https:\/\/www.escapelab.fr\/en\/wp-json\/wp\/v2\/pages\/435","targetHints":{"allow":["GET"]}}],"collection":[{"href":"https:\/\/www.escapelab.fr\/en\/wp-json\/wp\/v2\/pages"}],"about":[{"href":"https:\/\/www.escapelab.fr\/en\/wp-json\/wp\/v2\/types\/page"}],"author":[{"embeddable":true,"href":"https:\/\/www.escapelab.fr\/en\/wp-json\/wp\/v2\/users\/4"}],"replies":[{"embeddable":true,"href":"https:\/\/www.escapelab.fr\/en\/wp-json\/wp\/v2\/comments?post=435"}],"version-history":[{"count":0,"href":"https:\/\/www.escapelab.fr\/en\/wp-json\/wp\/v2\/pages\/435\/revisions"}],"wp:attachment":[{"href":"https:\/\/www.escapelab.fr\/en\/wp-json\/wp\/v2\/media?parent=435"}],"curies":[{"name":"wp","href":"https:\/\/api.w.org\/{rel}","templated":true}]}}