{"id":3912,"date":"2019-02-19T17:54:55","date_gmt":"2019-02-19T16:54:55","guid":{"rendered":"https:\/\/www.escapelab.fr\/?page_id=3912"},"modified":"2019-05-22T18:31:54","modified_gmt":"2019-05-22T16:31:54","slug":"formation-cohesion-dequipe","status":"publish","type":"page","link":"https:\/\/www.escapelab.fr\/en\/training-team-building\/","title":{"rendered":"Booster votre efficacit\u00e9 d&rsquo;\u00e9quipe"},"content":{"rendered":"<div id=\"pl-3912\"  class=\"panel-layout\" ><div id=\"pg-3912-0\"  class=\"panel-grid panel-no-style\" ><div id=\"pgc-3912-0-0\"  class=\"panel-grid-cell\" ><div id=\"panel-3912-0-0-0\" class=\"so-panel widget widget_sow-headline panel-first-child panel-last-child\" data-index=\"0\" ><div\n\t\t\t\n\t\t\tclass=\"so-widget-sow-headline so-widget-sow-headline-default-d869a055f1a3-3912\"\n\t\t\t\n\t\t><div class=\"sow-headline-container\">\n\t\t\t\t\t\t\t<h1 class=\"sow-headline\">\n\t\t\t\t\t\tBoost your team effectiveness\t\t\t\t\t\t<\/h1>\n\t\t\t\t\t\t\t\t\t\t\t\t<h3 class=\"sow-sub-headline\">\n\t\t\t\t\t\t Tailor-made training day with a coach to boost team effectiveness using the Escape Game\t\t\t\t\t\t<\/h3>\n\t\t\t\t\t\t<\/div>\n<\/div><\/div><\/div><\/div><div id=\"pg-3912-1\"  class=\"panel-grid panel-has-style\" ><div class=\"siteorigin-panels-stretch panel-row-style-full-width panel-row-style panel-row-style-for-3912-1\" data-stretch-type=\"full-stretched\" ><div id=\"pgc-3912-1-0\"  class=\"panel-grid-cell\" ><div id=\"panel-3912-1-0-0\" class=\"so-panel widget widget_sow-editor panel-first-child panel-last-child\" data-index=\"1\" ><div\n\t\t\t\n\t\t\tclass=\"so-widget-sow-editor so-widget-sow-editor-base\"\n\t\t\t\n\t\t>\n<div class=\"siteorigin-widget-tinymce textwidget\">\n\t<h3 style=\"padding-left: 30px;\"><span style=\"color: #dbaf00;\">Who is it for?<\/span><\/h3>\n<p style=\"padding-left: 30px;\">For any manager or team member who wants to improve cohesion, performance and commitment.<\/p>\n<h3 style=\"padding-left: 30px;\"><span style=\"color: #dbaf00;\">Training objectives<\/span><\/h3>\n<p style=\"padding-left: 30px;\">The aim of this training is to provide the right tools for the team to work better together:<\/p>\n<ul>\n<li><strong>communication<\/strong> liquefied<\/li>\n<li><strong>leadership<\/strong> developed<\/li>\n<li><strong>decision-making<\/strong><\/li>\n<li><strong>corporate culture<\/strong> enhanced<\/li>\n<\/ul>\n<h3 style=\"padding-left: 30px;\"><span style=\"color: #dbaf00;\">The 3 pillars of training<br \/>\n<\/span><\/h3>\n<p style=\"padding-left: 30px;\">The training is divided into 3 areas: the <strong>Workshops<\/strong> in which the group will look back at how it operates in order to gain a deeper understanding of the group.<br \/>\nIt also includes practical exercises to validate what has been learnt via the<strong>Escape Game<\/strong>.<br \/>\nAnd finally, a part <strong>coaching<\/strong> during which the coach will give feedback on the practical part, and provide the team with tools to learn to interact together and listen to each other better in order to achieve better collective results.<\/p>\n<h3 style=\"padding-left: 30px;\"><span style=\"color: #dbaf00;\">Personalised training with long-term learning outcomes<\/span><\/h3>\n<p style=\"padding-left: 30px;\">The training will start even before you arrive at our venue, with upstream preparation to get you started on the work you'll be doing on site with your team and our experts. It will also continue afterwards, thanks to the<strong>acquisition of directly operational tools<\/strong> which your team can use for future meetings, decision-making and team projects.<\/p>\n<p>&nbsp;<\/p>\n<\/div>\n<\/div><\/div><\/div><div id=\"pgc-3912-1-1\"  class=\"panel-grid-cell\" ><div class=\"panel-cell-style panel-cell-style-for-3912-1-1\" ><div id=\"panel-3912-1-1-0\" class=\"so-panel widget widget_sow-editor panel-first-child\" data-index=\"2\" ><div class=\"panel-widget-style panel-widget-style-for-3912-1-1-0\" ><div\n\t\t\t\n\t\t\tclass=\"so-widget-sow-editor so-widget-sow-editor-base\"\n\t\t\t\n\t\t>\n<div class=\"siteorigin-widget-tinymce textwidget\">\n\t<p style=\"text-align: center;\"><span style=\"color: #000000;\"><strong><img decoding=\"async\" class=\"alignnone wp-image-3915\" src=\"https:\/\/www.escapelab.fr\/wp-content\/uploads\/2019\/02\/noun_Time_2223779-e1550678894809-300x294.png\" alt=\"\" width=\"20\" height=\"20\" srcset=\"https:\/\/www.escapelab.fr\/wp-content\/uploads\/2019\/02\/noun_Time_2223779-e1550678894809-300x294.png 300w, https:\/\/www.escapelab.fr\/wp-content\/uploads\/2019\/02\/noun_Time_2223779-e1550678894809-150x150.png 150w, https:\/\/www.escapelab.fr\/wp-content\/uploads\/2019\/02\/noun_Time_2223779-e1550678894809.png 617w\" sizes=\"(max-width: 20px) 100vw, 20px\" \/> \u00a0 1 day (9h)\u00a0 <\/strong><\/span><span style=\"color: #000000;\"><strong>\u00a0 \u00a0<\/strong><\/span><span style=\"color: #000000;\"><strong> <img decoding=\"async\" class=\"alignnone wp-image-3916\" src=\"https:\/\/www.escapelab.fr\/wp-content\/uploads\/2019\/02\/noun_people_1707997-e1550679040172-300x196.png\" alt=\"\" width=\"29\" height=\"19\" srcset=\"https:\/\/www.escapelab.fr\/wp-content\/uploads\/2019\/02\/noun_people_1707997-e1550679040172-300x196.png 300w, https:\/\/www.escapelab.fr\/wp-content\/uploads\/2019\/02\/noun_people_1707997-e1550679040172-272x182.png 272w, https:\/\/www.escapelab.fr\/wp-content\/uploads\/2019\/02\/noun_people_1707997-e1550679040172-436x272.png 436w, https:\/\/www.escapelab.fr\/wp-content\/uploads\/2019\/02\/noun_people_1707997-e1550679040172.png 551w\" sizes=\"(max-width: 29px) 100vw, 29px\" \/> \u00a0 <\/strong><strong>5 to 12 participants \u00a0 <img decoding=\"async\" class=\"wp-image-3914 alignnone\" src=\"https:\/\/www.escapelab.fr\/wp-content\/uploads\/2019\/02\/noun_Euro_836298-e1550677951108-298x300.png\" alt=\"\" width=\"20\" height=\"20\" srcset=\"https:\/\/www.escapelab.fr\/wp-content\/uploads\/2019\/02\/noun_Euro_836298-e1550677951108-298x300.png 298w, https:\/\/www.escapelab.fr\/wp-content\/uploads\/2019\/02\/noun_Euro_836298-e1550677951108-150x150.png 150w, https:\/\/www.escapelab.fr\/wp-content\/uploads\/2019\/02\/noun_Euro_836298-e1550677951108.png 450w\" sizes=\"(max-width: 20px) 100vw, 20px\" \/> \u00a0 Prices on request*.<br \/>\n<\/strong><\/span><\/p>\n<p style=\"text-align: right;\"><span style=\"color: #000000;\"><em>*financed by your OCPA<\/em><\/span><\/p>\n<\/div>\n<\/div><\/div><\/div><div id=\"panel-3912-1-1-1\" class=\"so-panel widget widget_sow-editor\" data-index=\"3\" ><div\n\t\t\t\n\t\t\tclass=\"so-widget-sow-editor so-widget-sow-editor-base\"\n\t\t\t\n\t\t>\n<div class=\"siteorigin-widget-tinymce textwidget\">\n\t<p style=\"padding-left: 30px;\"><span style=\"color: #000000;\">In collaboration with\u00a0\u00a0\u00a0<img decoding=\"async\" class=\"alignnone wp-image-3928\" src=\"https:\/\/www.escapelab.fr\/wp-content\/uploads\/2019\/02\/codesign-it-ae10433689144972912e2e834f68fabf-300x91.png\" alt=\"\" width=\"89\" height=\"27\" srcset=\"https:\/\/www.escapelab.fr\/wp-content\/uploads\/2019\/02\/codesign-it-ae10433689144972912e2e834f68fabf-300x91.png 300w, https:\/\/www.escapelab.fr\/wp-content\/uploads\/2019\/02\/codesign-it-ae10433689144972912e2e834f68fabf.png 591w\" sizes=\"(max-width: 89px) 100vw, 89px\" \/><\/span><\/p>\n<p style=\"padding-left: 30px;\"><span style=\"color: #000000;\">Codesign-it is a collective of freelancers from different fields of coaching, facilitation, consultancy, design, education and project management. <\/span><span style=\"color: #000000;\">This fast-growing, agile and experienced team can mobilise a wide range of skills to tackle the most complex issues.<\/span><\/p>\n<\/div>\n<\/div><\/div><div id=\"panel-3912-1-1-2\" class=\"so-panel widget widget_sow-editor\" data-index=\"4\" ><div\n\t\t\t\n\t\t\tclass=\"so-widget-sow-editor so-widget-sow-editor-base\"\n\t\t\t\n\t\t>\n<div class=\"siteorigin-widget-tinymce textwidget\">\n\t<h3 style=\"padding-left: 30px;\"><span style=\"color: #ffffff;\">Why our joint offer?<\/span><\/h3>\n<p style=\"padding-left: 30px;\"><span style=\"color: #000000;\">The escape game is a fantastic tool that requires a wide range of skills, such as thinking, analysing, listening, helping each other, patience and, of course, team cohesion. Drawing on our respective experience in the world of training and escape games, we have joined forces to create a unique training offer.<\/span><\/p>\n<p>&nbsp;<\/p>\n<p>&nbsp;<\/p>\n<\/div>\n<\/div><\/div><div id=\"panel-3912-1-1-3\" class=\"so-panel widget widget_siteorigin-panels-builder\" data-index=\"5\" ><div id=\"pl-w5c9c9c276fe44\"  class=\"panel-layout\" ><div id=\"pg-w5c9c9c276fe44-0\"  class=\"panel-grid panel-no-style\" ><div id=\"pgc-w5c9c9c276fe44-0-0\"  class=\"panel-grid-cell\" ><div id=\"panel-w5c9c9c276fe44-0-0-0\" class=\"so-panel widget widget_sow-editor panel-first-child panel-last-child\" data-index=\"0\" ><div\n\t\t\t\n\t\t\tclass=\"so-widget-sow-editor so-widget-sow-editor-base\"\n\t\t\t\n\t\t>\n<div class=\"siteorigin-widget-tinymce textwidget\">\n\t<p style=\"padding-left: 30px;\"><span style=\"color: #ffffff;\"><img decoding=\"async\" class=\"alignnone wp-image-3924\" src=\"https:\/\/www.escapelab.fr\/wp-content\/uploads\/2019\/02\/noun_Quote_744342-e1550746336326-300x244.png\" alt=\"\" width=\"23\" height=\"19\" srcset=\"https:\/\/www.escapelab.fr\/wp-content\/uploads\/2019\/02\/noun_Quote_744342-e1550746336326-300x244.png 300w, https:\/\/www.escapelab.fr\/wp-content\/uploads\/2019\/02\/noun_Quote_744342-e1550746336326.png 474w\" sizes=\"(max-width: 23px) 100vw, 23px\" \/> <em>David, manager of a team of 10 salespeople<\/em><\/span><\/p>\n<p style=\"padding-left: 30px;\"><span style=\"color: #000000;\">This training enabled us to acquire better working methods and a better understanding of each other. We came away with solid tools with which to continue improving in the future.<\/span><\/p>\n<p>&nbsp;<\/p>\n<\/div>\n<\/div><\/div><\/div><div id=\"pgc-w5c9c9c276fe44-0-1\"  class=\"panel-grid-cell panel-grid-cell-empty\" ><\/div><div id=\"pgc-w5c9c9c276fe44-0-2\"  class=\"panel-grid-cell\" ><div id=\"panel-w5c9c9c276fe44-0-2-0\" class=\"so-panel widget widget_sow-editor panel-first-child panel-last-child\" data-index=\"1\" ><div\n\t\t\t\n\t\t\tclass=\"so-widget-sow-editor so-widget-sow-editor-base\"\n\t\t\t\n\t\t>\n<div class=\"siteorigin-widget-tinymce textwidget\">\n\t<p style=\"padding-left: 30px;\"><span style=\"color: #000000;\"><img decoding=\"async\" class=\"alignnone wp-image-3924\" src=\"https:\/\/www.escapelab.fr\/wp-content\/uploads\/2019\/02\/noun_Quote_744342-e1550746336326-300x244.png\" alt=\"\" width=\"23\" height=\"19\" srcset=\"https:\/\/www.escapelab.fr\/wp-content\/uploads\/2019\/02\/noun_Quote_744342-e1550746336326-300x244.png 300w, https:\/\/www.escapelab.fr\/wp-content\/uploads\/2019\/02\/noun_Quote_744342-e1550746336326.png 474w\" sizes=\"(max-width: 23px) 100vw, 23px\" \/> <span style=\"color: #ffffff;\"><em>Murielle, Purchasing Director of an international pharmaceutical group (50 employees)<\/em><\/span><\/span><\/p>\n<p style=\"padding-left: 30px;\"><span style=\"color: #000000;\">In just one day, we learnt a lot about how our team works, what was going well and what wasn't! It was a very productive day, which enabled us to get off to a flying start!<\/span><\/p>\n<p>&nbsp;<\/p>\n<\/div>\n<\/div><\/div><\/div><\/div><div id=\"pg-w5c9c9c276fe44-1\"  class=\"panel-grid panel-no-style\" ><div id=\"pgc-w5c9c9c276fe44-1-0\"  class=\"panel-grid-cell panel-grid-cell-empty\" ><\/div><div id=\"pgc-w5c9c9c276fe44-1-1\"  class=\"panel-grid-cell panel-grid-cell-mobile-last\" ><div id=\"panel-w5c9c9c276fe44-1-1-0\" class=\"so-panel widget widget_sow-editor panel-first-child panel-last-child\" data-index=\"2\" ><div\n\t\t\t\n\t\t\tclass=\"so-widget-sow-editor so-widget-sow-editor-base\"\n\t\t\t\n\t\t>\n<div class=\"siteorigin-widget-tinymce textwidget\">\n\t<p style=\"padding-left: 30px;\"><span style=\"color: #ffffff;\"><img decoding=\"async\" class=\"alignnone wp-image-3924\" src=\"https:\/\/www.escapelab.fr\/wp-content\/uploads\/2019\/02\/noun_Quote_744342-e1550746336326-300x244.png\" alt=\"\" width=\"23\" height=\"19\" srcset=\"https:\/\/www.escapelab.fr\/wp-content\/uploads\/2019\/02\/noun_Quote_744342-e1550746336326-300x244.png 300w, https:\/\/www.escapelab.fr\/wp-content\/uploads\/2019\/02\/noun_Quote_744342-e1550746336326.png 474w\" sizes=\"(max-width: 23px) 100vw, 23px\" \/><em> Marina, Director of TF1 Licences at TF1 Entertainment<\/em><\/span><\/p>\n<p style=\"padding-left: 30px;\"><span style=\"color: #000000;\">We found the Escape Game session innovative, fun and instructive. It's a great way of helping people discover themselves and better understand their role within a team. Expect to be surprised by the coaching results!<\/span><\/p>\n<p>&nbsp;<\/p>\n<\/div>\n<\/div><\/div><\/div><div id=\"pgc-w5c9c9c276fe44-1-2\"  class=\"panel-grid-cell panel-grid-cell-empty\" ><\/div><\/div><\/div><\/div><div id=\"panel-3912-1-1-4\" class=\"so-panel widget widget_sow-editor\" data-index=\"6\" ><div\n\t\t\t\n\t\t\tclass=\"so-widget-sow-editor so-widget-sow-editor-base\"\n\t\t\t\n\t\t>\n<div class=\"siteorigin-widget-tinymce textwidget\">\n\t<\/div>\n<\/div><\/div><div id=\"panel-3912-1-1-5\" class=\"so-panel widget widget_sow-editor\" data-index=\"7\" ><div\n\t\t\t\n\t\t\tclass=\"so-widget-sow-editor so-widget-sow-editor-base\"\n\t\t\t\n\t\t>\n<div class=\"siteorigin-widget-tinymce textwidget\">\n\t<\/div>\n<\/div><\/div><\/div><\/div><\/div><\/div><div id=\"pg-3912-2\"  class=\"panel-grid panel-no-style\" ><div id=\"pgc-3912-2-0\"  class=\"panel-grid-cell\" ><div id=\"panel-3912-2-0-0\" class=\"so-panel widget widget_sow-editor panel-first-child panel-last-child\" data-index=\"9\" ><div\n\t\t\t\n\t\t\tclass=\"so-widget-sow-editor so-widget-sow-editor-base\"\n\t\t\t\n\t\t>\n<div class=\"siteorigin-widget-tinymce textwidget\">\n\t<h1 style=\"text-align: center;\"><span style=\"color: #494949;\">Contact us to book your training course<\/span><\/h1>\n<h4 style=\"text-align: center;\">Via this form or by telephone on 01 84 25 82 18<\/h4>\n<p style=\"text-align: center;\">\n<div class=\"wpcf7 no-js\" id=\"wpcf7-f3938-o1\" lang=\"fr-FR\" dir=\"ltr\" data-wpcf7-id=\"3938\">\n<div class=\"screen-reader-response\"><p role=\"status\" aria-live=\"polite\" aria-atomic=\"true\"><\/p> <ul><\/ul><\/div>\n<form action=\"\/en\/wp-json\/wp\/v2\/pages\/3912#wpcf7-f3938-o1\" method=\"post\" class=\"wpcf7-form init\" aria-label=\"Contact form\" novalidate=\"novalidate\" data-status=\"init\" data-trp-original-action=\"\/en\/wp-json\/wp\/v2\/pages\/3912#wpcf7-f3938-o1\">\n<fieldset class=\"hidden-fields-container\"><input type=\"hidden\" name=\"_wpcf7\" value=\"3938\" \/><input type=\"hidden\" name=\"_wpcf7_version\" value=\"6.1.5\" \/><input type=\"hidden\" name=\"_wpcf7_locale\" value=\"fr_FR\" \/><input type=\"hidden\" name=\"_wpcf7_unit_tag\" value=\"wpcf7-f3938-o1\" \/><input type=\"hidden\" name=\"_wpcf7_container_post\" value=\"0\" \/><input type=\"hidden\" name=\"_wpcf7_posted_data_hash\" value=\"\" \/><input type=\"hidden\" name=\"_wpcf7cf_hidden_group_fields\" value=\"[]\" \/><input type=\"hidden\" name=\"_wpcf7cf_hidden_groups\" value=\"[]\" \/><input type=\"hidden\" name=\"_wpcf7cf_visible_groups\" value=\"[]\" \/><input type=\"hidden\" name=\"_wpcf7cf_repeaters\" value=\"[]\" \/><input type=\"hidden\" name=\"_wpcf7cf_steps\" value=\"{}\" \/><input type=\"hidden\" name=\"_wpcf7cf_options\" value=\"{&quot;form_id&quot;:3938,&quot;conditions&quot;:[],&quot;settings&quot;:{&quot;animation&quot;:&quot;yes&quot;,&quot;animation_intime&quot;:200,&quot;animation_outtime&quot;:200,&quot;conditions_ui&quot;:&quot;normal&quot;,&quot;notice_dismissed&quot;:false,&quot;notice_dismissed_rollback-cf7-5.8&quot;:true}}\" \/><input type=\"hidden\" name=\"_wpcf7dtx_version\" value=\"5.0.5\" \/>\n<\/fieldset>\n<div  style=\"text-align:center\">\n\t<p><label> Your company<br \/>\n<span class=\"wpcf7-form-control-wrap\" data-name=\"your-company\"><input size=\"40\" maxlength=\"400\" class=\"wpcf7-form-control wpcf7-text wpcf7-validates-as-required\" aria-required=\"true\" aria-invalid=\"false\" value=\"\" type=\"text\" name=\"your-company\" \/><\/span> <\/label><br \/>\n<label> Your first and last name<br \/>\n<span class=\"wpcf7-form-control-wrap\" data-name=\"your-name\"><input size=\"40\" maxlength=\"400\" class=\"wpcf7-form-control wpcf7-text wpcf7-validates-as-required\" aria-required=\"true\" aria-invalid=\"false\" value=\"\" type=\"text\" name=\"your-name\" \/><\/span> <\/label><br \/>\n<label> Your e-mail<br \/>\n<span class=\"wpcf7-form-control-wrap\" data-name=\"your-email\"><input size=\"40\" maxlength=\"400\" class=\"wpcf7-form-control wpcf7-email wpcf7-validates-as-required wpcf7-text wpcf7-validates-as-email\" aria-required=\"true\" aria-invalid=\"false\" value=\"\" type=\"email\" name=\"your-email\" \/><\/span> <\/label><br \/>\n<label> Your telephone number<br \/>\n<span class=\"wpcf7-form-control-wrap\" data-name=\"your-phone\"><input size=\"40\" maxlength=\"400\" class=\"wpcf7-form-control wpcf7-tel wpcf7-validates-as-required wpcf7-text wpcf7-validates-as-tel\" aria-required=\"true\" aria-invalid=\"false\" value=\"\" type=\"tel\" name=\"your-phone\" \/><\/span> <\/label><br \/>\n<label>Number of participants<br \/>\n<span class=\"wpcf7-form-control-wrap\" data-name=\"PARTICIPANTS\"><input size=\"6\" maxlength=\"400\" class=\"wpcf7-form-control wpcf7-text\" aria-invalid=\"false\" placeholder=\"\" value=\"\" type=\"text\" name=\"PARTICIPANTS\" \/><\/span> people (enter max) <\/label>\n\t<\/p>\n\t<p><label>Date of course<br \/>\n<span class=\"wpcf7-form-control-wrap\" data-name=\"DATE\"><input size=\"7\" maxlength=\"400\" class=\"wpcf7-form-control wpcf7-text round\" aria-invalid=\"false\" placeholder=\"dd\/mm\" value=\"\" type=\"text\" name=\"DATE\" \/><\/span><\/label>\n\t<\/p>\n\t<p><label> Your message:<br \/>\n<span class=\"wpcf7-form-control-wrap\" data-name=\"your-message\"><textarea cols=\"80\" rows=\"5\" maxlength=\"2000\" class=\"wpcf7-form-control wpcf7-textarea\" aria-invalid=\"false\" placeholder=\"E.g.: team background, constraints, special requests, disabled access, whether your date is flexible, if not specify other dates...\" name=\"your-message\"><\/textarea><\/span> <\/label>\n\t<\/p>\n\t<p><input class=\"wpcf7-form-control wpcf7-submit has-spinner btncool\" type=\"submit\" value=\"Send my request\" \/>\n\t<\/p>\n<\/div><div class=\"wpcf7-response-output\" aria-hidden=\"true\"><\/div>\n<input type=\"hidden\" name=\"trp-form-language\" value=\"en\"\/><\/form>\n<\/div>\n<\/p>\n<\/div>\n<\/div><\/div><\/div><\/div><div id=\"pg-3912-3\"  class=\"panel-grid panel-has-style\" ><div class=\"panel-row-style panel-row-style-for-3912-3\" ><div id=\"pgc-3912-3-0\"  class=\"panel-grid-cell\" ><div id=\"panel-3912-3-0-0\" class=\"so-panel widget widget_sow-image panel-first-child panel-last-child\" data-index=\"10\" ><div\n\t\t\t\n\t\t\tclass=\"so-widget-sow-image so-widget-sow-image-default-c67d20f9f743-3912\"\n\t\t\t\n\t\t>\n<div class=\"sow-image-container\">\n\t\t<img \n\tsrc=\"https:\/\/www.escapelab.fr\/wp-content\/uploads\/2019\/02\/Capture5-e1550748018477.png\" width=\"729\" height=\"408\" srcset=\"https:\/\/www.escapelab.fr\/wp-content\/uploads\/2019\/02\/Capture5-e1550748018477.png 729w, https:\/\/www.escapelab.fr\/wp-content\/uploads\/2019\/02\/Capture5-e1550748018477-300x168.png 300w\" sizes=\"(max-width: 729px) 100vw, 729px\" title=\"Capture5\" alt=\"\" \t\tclass=\"so-widget-image\"\/>\n\t<\/div>\n\n<\/div><\/div><\/div><div id=\"pgc-3912-3-1\"  class=\"panel-grid-cell\" ><div id=\"panel-3912-3-1-0\" class=\"so-panel widget widget_sow-image panel-first-child panel-last-child\" data-index=\"11\" ><div\n\t\t\t\n\t\t\tclass=\"so-widget-sow-image so-widget-sow-image-default-c67d20f9f743-3912\"\n\t\t\t\n\t\t>\n<div class=\"sow-image-container\">\n\t\t<img \n\tsrc=\"https:\/\/www.escapelab.fr\/wp-content\/uploads\/2019\/02\/Capture.png\" width=\"731\" height=\"408\" srcset=\"https:\/\/www.escapelab.fr\/wp-content\/uploads\/2019\/02\/Capture.png 731w, https:\/\/www.escapelab.fr\/wp-content\/uploads\/2019\/02\/Capture-300x167.png 300w\" sizes=\"(max-width: 731px) 100vw, 731px\" alt=\"\" \t\tclass=\"so-widget-image\"\/>\n\t<\/div>\n\n<\/div><\/div><\/div><div id=\"pgc-3912-3-2\"  class=\"panel-grid-cell\" ><div id=\"panel-3912-3-2-0\" class=\"so-panel widget widget_sow-image panel-first-child panel-last-child\" data-index=\"12\" ><div\n\t\t\t\n\t\t\tclass=\"so-widget-sow-image so-widget-sow-image-default-c67d20f9f743-3912\"\n\t\t\t\n\t\t>\n<div class=\"sow-image-container\">\n\t\t<img \n\tsrc=\"https:\/\/www.escapelab.fr\/wp-content\/uploads\/2019\/02\/Capture2-e1550681611168.png\" width=\"730\" height=\"408\" srcset=\"https:\/\/www.escapelab.fr\/wp-content\/uploads\/2019\/02\/Capture2-e1550681611168.png 730w, https:\/\/www.escapelab.fr\/wp-content\/uploads\/2019\/02\/Capture2-e1550681611168-300x168.png 300w\" sizes=\"(max-width: 730px) 100vw, 730px\" title=\"Capture2\" alt=\"\" \t\tclass=\"so-widget-image\"\/>\n\t<\/div>\n\n<\/div><\/div><\/div><\/div><\/div><\/div>","protected":false},"excerpt":{"rendered":"<p>Pour qui ? Pour tout manager ou membre d&rsquo;une \u00e9quipe qui souhaite am\u00e9liorer la coh\u00e9sion, la performance et l&rsquo;engagement de celle-ci. Objectifs de la formation L&rsquo;objectif de cette formation est de fournir les bons outils \u00e0 l&rsquo;\u00e9quipe afin de mieux fonctionner ensemble : communication fluidifi\u00e9e leadership d\u00e9velopp\u00e9 prise de d\u00e9cision culture d\u2019entreprise augment\u00e9e Les 3 [&hellip;]<\/p>","protected":false},"author":2,"featured_media":0,"parent":0,"menu_order":0,"comment_status":"closed","ping_status":"closed","template":"","meta":{"_acf_changed":false,"footnotes":""},"class_list":["post-3912","page","type-page","status-publish","hentry","post"],"acf":[],"_links":{"self":[{"href":"https:\/\/www.escapelab.fr\/en\/wp-json\/wp\/v2\/pages\/3912","targetHints":{"allow":["GET"]}}],"collection":[{"href":"https:\/\/www.escapelab.fr\/en\/wp-json\/wp\/v2\/pages"}],"about":[{"href":"https:\/\/www.escapelab.fr\/en\/wp-json\/wp\/v2\/types\/page"}],"author":[{"embeddable":true,"href":"https:\/\/www.escapelab.fr\/en\/wp-json\/wp\/v2\/users\/2"}],"replies":[{"embeddable":true,"href":"https:\/\/www.escapelab.fr\/en\/wp-json\/wp\/v2\/comments?post=3912"}],"version-history":[{"count":0,"href":"https:\/\/www.escapelab.fr\/en\/wp-json\/wp\/v2\/pages\/3912\/revisions"}],"wp:attachment":[{"href":"https:\/\/www.escapelab.fr\/en\/wp-json\/wp\/v2\/media?parent=3912"}],"curies":[{"name":"wp","href":"https:\/\/api.w.org\/{rel}","templated":true}]}}