{"id":3745,"date":"2018-10-25T13:24:18","date_gmt":"2018-10-25T11:24:18","guid":{"rendered":"https:\/\/www.escapelab.fr\/?page_id=3745"},"modified":"2024-08-20T14:46:49","modified_gmt":"2024-08-20T12:46:49","slug":"salle-le2","status":"publish","type":"page","link":"https:\/\/www.escapelab.fr\/en\/room-le2\/","title":{"rendered":"Salle POP Life | Location espace | R\u00e9union \u00e0 Paris, Atelier, S\u00e9minaire | Paris Sentier"},"content":{"rendered":"<div id=\"pl-3745\"  class=\"panel-layout\" ><div id=\"pg-3745-0\"  class=\"panel-grid panel-has-style\" ><div class=\"siteorigin-panels-stretch panel-row-style-full-width panel-row-style panel-row-style-for-3745-0\" style=\"background-color: #e8e8e8; \" data-stretch-type=\"full-width-stretch\" ><div id=\"pgc-3745-0-0\"  class=\"panel-grid-cell\" ><div id=\"panel-3745-0-0-0\" class=\"so-panel widget widget_sow-hero panel-first-child panel-last-child\" data-index=\"0\" ><div class=\"panel-widget-style panel-widget-style-for-3745-0-0-0\" ><div\n\t\t\t\n\t\t\tclass=\"so-widget-sow-hero so-widget-sow-hero-default-8e9e87c71e73-3745 so-widget-fittext-wrapper\"\n\t\t\t data-fit-text-compressor=\"0.85\"\n\t\t>\t\t\t\t<div class=\"sow-slider-base\" style=\"display: none\" tabindex=\"0\">\n\t\t\t\t\t<ul\n\t\t\t\t\tclass=\"sow-slider-images\"\n\t\t\t\t\tdata-settings=\"{&quot;pagination&quot;:true,&quot;speed&quot;:800,&quot;timeout&quot;:6000,&quot;paused&quot;:false,&quot;pause_on_hover&quot;:false,&quot;swipe&quot;:true,&quot;nav_always_show_desktop&quot;:&quot;&quot;,&quot;nav_always_show_mobile&quot;:&quot;&quot;,&quot;breakpoint&quot;:&quot;780px&quot;,&quot;unmute&quot;:false,&quot;anchor&quot;:null}\"\n\t\t\t\t\tstyle=\"min-height: 600px\"\t\t\t\t\tdata-anchor-id=\"\"\n\t\t\t\t>\t\t<li class=\"sow-slider-image  sow-slider-image-cover\" style=\"visibility: visible;;background-color: #333333;background-image: url(https:\/\/www.escapelab.fr\/wp-content\/uploads\/2024\/08\/salle-pop-life-view.jpg)\" >\n\t\t\t\t\t<div class=\"sow-slider-image-container\">\n\t\t\t<div class=\"sow-slider-image-wrapper\">\n\t\t\t\t\t\t\t<\/div>\n\t\t<\/div>\n\t\t\t\t<\/li>\n\t\t<\/ul>\t\t\t\t<ol class=\"sow-slider-pagination\">\n\t\t\t\t\t\t\t\t\t\t\t<li><a href=\"#\" data-goto=\"0\" aria-label=\"Display slide 1\"><\/a><\/li>\n\t\t\t\t\t\t\t\t\t<\/ol>\n\n\t\t\t\t<div class=\"sow-slide-nav sow-slide-nav-next\">\n\t\t\t\t\t<a href=\"#\" data-goto=\"next\" aria-label=\"Next slide\" data-action=\"next\">\n\t\t\t\t\t\t<em class=\"sow-sld-icon-thin-right\"><\/em>\n\t\t\t\t\t<\/a>\n\t\t\t\t<\/div>\n\n\t\t\t\t<div class=\"sow-slide-nav sow-slide-nav-prev\">\n\t\t\t\t\t<a href=\"#\" data-goto=\"previous\" aria-label=\"Previous slide\" data-action=\"prev\">\n\t\t\t\t\t\t<em class=\"sow-sld-icon-thin-left\"><\/em>\n\t\t\t\t\t<\/a>\n\t\t\t\t<\/div>\n\t\t\t\t<\/div><\/div><\/div><\/div><\/div><div id=\"pgc-3745-0-1\"  class=\"panel-grid-cell\" ><div id=\"panel-3745-0-1-0\" class=\"so-panel widget widget_sow-editor panel-first-child panel-last-child\" data-index=\"1\" ><div class=\"panel-widget-style panel-widget-style-for-3745-0-1-0\" ><div\n\t\t\t\n\t\t\tclass=\"so-widget-sow-editor so-widget-sow-editor-base\"\n\t\t\t\n\t\t><h3 class=\"widget-title\">PRIVATE ROOM: POP Life<\/h3>\n<div class=\"siteorigin-widget-tinymce textwidget\">\n\t<div id=\"pgc-w5b1691228bf65-0-1\" class=\"panel-grid-cell\">\n<div id=\"panel-w5b1691228bf65-0-1-1\" class=\"so-panel widget widget_sow-editor panel-last-child\" data-index=\"3\">\n<div class=\"so-widget-sow-editor so-widget-sow-editor-base\">\n<p><span style=\"color: #ff0000;\">New style September 2024<\/span><\/p>\n<p>This room, located on the 2nd floor of Escape LAB Paris at 21 rue du Sentier, has re-arrangable furniture according to your wish and needs.<br \/>\nWith its colourful, POP ART-style look, your event is sure to make a lasting impression!<\/p>\n<p>Different configurations are possible.<\/p>\n<div class=\"siteorigin-widget-tinymce textwidget\">\n<ul>\n<li>A 60m\u00b2 private area<\/li>\n<li>Capacity: from 5 up to 30 people<\/li>\n<li>Reservation: 3 hours, half day, day, evening, multiple hours.<\/li>\n<li>Meetings, Breakfasts, lunches, afternoon teas, cocktails.<\/li>\n<\/ul>\n<div id=\"pgc-w5b1691228bf65-0-1\" class=\"panel-grid-cell\">\n<div id=\"panel-w5b1691228bf65-0-1-1\" class=\"so-panel widget widget_sow-editor panel-last-child\" data-index=\"3\">\n<div class=\"so-widget-sow-editor so-widget-sow-editor-base\">\n<div id=\"pgc-w5b1691228bf65-0-1\" class=\"panel-grid-cell\">\n<div id=\"panel-w5b1691228bf65-0-1-1\" class=\"so-panel widget widget_sow-editor panel-last-child\" data-index=\"3\">\n<div class=\"so-widget-sow-editor so-widget-sow-editor-base\">\n<h3 class=\"widget-title\">Our arrangements<\/h3>\n<ul>\n<li>U-shape: for 24 people<\/li>\n<li>Theatre: for 30 people<\/li>\n<li>Cocktail party or standing buffet: 30 people<\/li>\n<\/ul>\n<\/div>\n<\/div>\n<\/div>\n<p><strong>Included<\/strong> Premium welcome for participants | Coffee, tea | Wifi | Flipchart | Video projector<\/p>\n<div id=\"pgc-w5b1691228bf65-0-1\" class=\"panel-grid-cell\">\n<div id=\"panel-w5b1691228bf65-0-1-1\" class=\"so-panel widget widget_sow-editor panel-last-child\" data-index=\"3\">\n<div class=\"so-widget-sow-editor so-widget-sow-editor-base\">\n<div class=\"siteorigin-widget-tinymce textwidget\">\n<p><strong>The little extras : <\/strong>Sofa corners 2x 4\/5 people, modern, cosy decor<\/p>\n<\/div>\n<\/div>\n<\/div>\n<\/div>\n<p><strong>On request<\/strong> : Catering : breakfast, lunch, afternoon tea, dinner | Team building workshops<\/p>\n<p><strong>Available hours<\/strong> 8.30AM - 11.30PM<\/p>\n<p><strong>Address<\/strong> 21 rue du Sentier 75002 PARIS (M\u00e9tro Sentier or Grands Boulevards)<\/p>\n<\/div>\n<\/div>\n<\/div>\n<\/div>\n<\/div>\n<\/div>\n<\/div>\n<\/div>\n<\/div><\/div><\/div><\/div><\/div><\/div><div id=\"pg-3745-1\"  class=\"panel-grid panel-has-style\" ><div style=\"background-color: #e8e8e8; \" class=\"panel-row-style panel-row-style-for-3745-1\" ><div id=\"pgc-3745-1-0\"  class=\"panel-grid-cell\" ><div id=\"panel-3745-1-0-0\" class=\"so-panel widget widget_sow-button panel-first-child panel-last-child\" data-index=\"2\" ><div\n\t\t\t\n\t\t\tclass=\"so-widget-sow-button so-widget-sow-button-flat-d7ccc7a57e87-3745\"\n\t\t\t\n\t\t><div class=\"ow-button-base ow-button-align-center\"\n>\n\t\t\t<a\n\t\t\t\t\thref=\"https:\/\/www.escapelab.fr\/en\/quote\/?p=le2\"\n\t\t\t\t\tclass=\"sowb-button ow-icon-placement-left ow-button-hover\" \t>\n\t\t<span>\n\t\t\t<span class=\"sow-icon-fontawesome sow-far\" data-sow-icon=\"&#xf274;\"\n\t\tstyle=\"color: #262626\" \n\t\taria-hidden=\"true\"><\/span>\n\t\t\tRequest a quote\t\t<\/span>\n\t\t\t<\/a>\n\t<\/div>\n<\/div><\/div><\/div><\/div><\/div><div id=\"pg-3745-2\"  class=\"panel-grid panel-has-style\" ><div class=\"siteorigin-panels-stretch panel-row-style-full-width panel-row-style panel-row-style-for-3745-2\" style=\"background-color: #e8e8e8; \" data-stretch-type=\"full-width-stretch\" ><div id=\"pgc-3745-2-0\"  class=\"panel-grid-cell\" ><div id=\"panel-3745-2-0-0\" class=\"so-panel widget widget_sow-image-grid panel-first-child\" data-index=\"3\" ><div\n\t\t\t\n\t\t\tclass=\"so-widget-sow-image-grid so-widget-sow-image-grid-default-46e3cddde1e5-3745\"\n\t\t\t\n\t\t>\t<div\n\t\tclass=\"sow-image-grid-wrapper\"\n\t\t\t\tdata-max-height=\"220\"\t>\n\t\t\t\t\t<div class=\"sow-image-grid-image\">\n\t\t\t\t\t\t\t\t\t\t\t\t<img decoding=\"async\" width=\"436\" height=\"272\" src=\"https:\/\/www.escapelab.fr\/wp-content\/uploads\/2019\/12\/IMG_20191129_191219__01-436x272.jpg\" class=\"sow-image-grid-image_html\" alt=\"\" title=\"IMG_20191129_191219__01\" \/>\t\t\t\t\t\t\t\t\t\t\t<\/div>\n\t\t\t\t\t<div class=\"sow-image-grid-image\">\n\t\t\t\t\t\t\t\t\t\t\t\t<img decoding=\"async\" width=\"436\" height=\"272\" src=\"https:\/\/www.escapelab.fr\/wp-content\/uploads\/2019\/12\/IMG_20191129_191238__01-436x272.jpg\" class=\"sow-image-grid-image_html\" alt=\"\" title=\"IMG_20191129_191238__01\" \/>\t\t\t\t\t\t\t\t\t\t\t<\/div>\n\t\t\t\t\t<div class=\"sow-image-grid-image\">\n\t\t\t\t\t\t\t\t\t\t\t\t<img decoding=\"async\" width=\"436\" height=\"272\" src=\"https:\/\/www.escapelab.fr\/wp-content\/uploads\/2021\/08\/IMG_20200116_144308-436x272.jpg\" class=\"sow-image-grid-image_html\" alt=\"\" title=\"IMG_20200116_144308\" \/>\t\t\t\t\t\t\t\t\t\t\t<\/div>\n\t\t\t\t\t<div class=\"sow-image-grid-image\">\n\t\t\t\t\t\t\t\t\t\t\t\t<img decoding=\"async\" width=\"436\" height=\"272\" src=\"https:\/\/www.escapelab.fr\/wp-content\/uploads\/2021\/08\/IMG_20200116_144223-436x272.jpg\" class=\"sow-image-grid-image_html\" alt=\"\" title=\"IMG_20200116_144223\" \/>\t\t\t\t\t\t\t\t\t\t\t<\/div>\n\t\t\t<\/div>\n<\/div><\/div><div id=\"panel-3745-2-0-1\" class=\"so-panel widget widget_sow-image-grid\" data-index=\"4\" ><div\n\t\t\t\n\t\t\tclass=\"so-widget-sow-image-grid so-widget-sow-image-grid-default-46e3cddde1e5-3745\"\n\t\t\t\n\t\t>\t<div\n\t\tclass=\"sow-image-grid-wrapper\"\n\t\t\t\tdata-max-height=\"220\"\t>\n\t\t\t\t\t<div class=\"sow-image-grid-image\">\n\t\t\t\t\t\t\t\t\t\t\t\t<img decoding=\"async\" width=\"436\" height=\"272\" src=\"https:\/\/www.escapelab.fr\/wp-content\/uploads\/2023\/03\/IMG_20221004_162048-436x272.jpg\" class=\"sow-image-grid-image_html\" alt=\"\" title=\"IMG_20221004_162048\" \/>\t\t\t\t\t\t\t\t\t\t\t<\/div>\n\t\t\t\t\t<div class=\"sow-image-grid-image\">\n\t\t\t\t\t\t\t\t\t\t\t\t<img decoding=\"async\" width=\"436\" height=\"272\" src=\"https:\/\/www.escapelab.fr\/wp-content\/uploads\/2023\/03\/IMG_20221004_162031-436x272.jpg\" class=\"sow-image-grid-image_html\" alt=\"\" title=\"IMG_20221004_162031\" \/>\t\t\t\t\t\t\t\t\t\t\t<\/div>\n\t\t\t\t\t<div class=\"sow-image-grid-image\">\n\t\t\t\t\t\t\t\t\t\t\t\t<img decoding=\"async\" width=\"436\" height=\"272\" src=\"https:\/\/www.escapelab.fr\/wp-content\/uploads\/2023\/03\/IMG_20220914_101903-436x272.jpg\" class=\"sow-image-grid-image_html\" alt=\"\" title=\"IMG_20220914_101903\" \/>\t\t\t\t\t\t\t\t\t\t\t<\/div>\n\t\t\t\t\t<div class=\"sow-image-grid-image\">\n\t\t\t\t\t\t\t\t\t\t\t\t<img decoding=\"async\" width=\"436\" height=\"272\" src=\"https:\/\/www.escapelab.fr\/wp-content\/uploads\/2023\/03\/IMG_20221004_162033-436x272.jpg\" class=\"sow-image-grid-image_html\" alt=\"\" title=\"IMG_20221004_162033\" \/>\t\t\t\t\t\t\t\t\t\t\t<\/div>\n\t\t\t<\/div>\n<\/div><\/div><div id=\"panel-3745-2-0-2\" class=\"so-panel widget widget_sow-image-grid panel-last-child\" data-index=\"5\" ><div\n\t\t\t\n\t\t\tclass=\"so-widget-sow-image-grid so-widget-sow-image-grid-default-46e3cddde1e5-3745\"\n\t\t\t\n\t\t>\t<div\n\t\tclass=\"sow-image-grid-wrapper\"\n\t\t\t\tdata-max-height=\"220\"\t>\n\t\t\t\t\t<div class=\"sow-image-grid-image\">\n\t\t\t\t\t\t\t\t\t\t\t\t<img decoding=\"async\" width=\"436\" height=\"272\" src=\"https:\/\/www.escapelab.fr\/wp-content\/uploads\/2023\/03\/IMG_20200116_144240-436x272.jpg\" class=\"sow-image-grid-image_html\" alt=\"\" title=\"IMG_20200116_144240\" \/>\t\t\t\t\t\t\t\t\t\t\t<\/div>\n\t\t\t\t\t<div class=\"sow-image-grid-image\">\n\t\t\t\t\t\t\t\t\t\t\t\t<img decoding=\"async\" width=\"436\" height=\"272\" src=\"https:\/\/www.escapelab.fr\/wp-content\/uploads\/2023\/03\/IMG_20200116_144541-436x272.jpg\" class=\"sow-image-grid-image_html\" alt=\"\" title=\"IMG_20200116_144541\" \/>\t\t\t\t\t\t\t\t\t\t\t<\/div>\n\t\t\t\t\t<div class=\"sow-image-grid-image\">\n\t\t\t\t\t\t\t\t\t\t\t\t<img decoding=\"async\" width=\"436\" height=\"272\" src=\"https:\/\/www.escapelab.fr\/wp-content\/uploads\/2023\/03\/IMG_20221004_162044-436x272.jpg\" class=\"sow-image-grid-image_html\" alt=\"\" title=\"IMG_20221004_162044\" \/>\t\t\t\t\t\t\t\t\t\t\t<\/div>\n\t\t\t\t\t<div class=\"sow-image-grid-image\">\n\t\t\t\t\t\t\t\t\t\t\t\t<img decoding=\"async\" width=\"436\" height=\"272\" src=\"https:\/\/www.escapelab.fr\/wp-content\/uploads\/2023\/03\/IMG_20200116_144212-436x272.jpg\" class=\"sow-image-grid-image_html\" alt=\"\" title=\"IMG_20200116_144212\" \/>\t\t\t\t\t\t\t\t\t\t\t<\/div>\n\t\t\t<\/div>\n<\/div><\/div><\/div><\/div><\/div><\/div>","protected":false},"excerpt":{"rendered":"<p>New style September 2024 This room, located on the 2nd floor of Escape LAB Paris at 21 rue du Sentier, has fully adjustable furniture. With its colourful, POP ART-style look, your event will make a lasting impression on participants! Different configurations are possible. 60m\u00b2 private space Capacity: 5 to 30 people Rental: 3H, [...]<\/p>","protected":false},"author":4,"featured_media":8892,"parent":0,"menu_order":0,"comment_status":"closed","ping_status":"closed","template":"templates\/template-full-notitle.php","meta":{"_acf_changed":false,"footnotes":""},"class_list":["post-3745","page","type-page","status-publish","has-post-thumbnail","hentry","post","post-with-thumbnail","post-with-thumbnail-large"],"acf":[],"_links":{"self":[{"href":"https:\/\/www.escapelab.fr\/en\/wp-json\/wp\/v2\/pages\/3745","targetHints":{"allow":["GET"]}}],"collection":[{"href":"https:\/\/www.escapelab.fr\/en\/wp-json\/wp\/v2\/pages"}],"about":[{"href":"https:\/\/www.escapelab.fr\/en\/wp-json\/wp\/v2\/types\/page"}],"author":[{"embeddable":true,"href":"https:\/\/www.escapelab.fr\/en\/wp-json\/wp\/v2\/users\/4"}],"replies":[{"embeddable":true,"href":"https:\/\/www.escapelab.fr\/en\/wp-json\/wp\/v2\/comments?post=3745"}],"version-history":[{"count":0,"href":"https:\/\/www.escapelab.fr\/en\/wp-json\/wp\/v2\/pages\/3745\/revisions"}],"wp:featuredmedia":[{"embeddable":true,"href":"https:\/\/www.escapelab.fr\/en\/wp-json\/wp\/v2\/media\/8892"}],"wp:attachment":[{"href":"https:\/\/www.escapelab.fr\/en\/wp-json\/wp\/v2\/media?parent=3745"}],"curies":[{"name":"wp","href":"https:\/\/api.w.org\/{rel}","templated":true}]}}