{"id":2014,"date":"2017-11-28T14:58:48","date_gmt":"2017-11-28T13:58:48","guid":{"rendered":"https:\/\/www.escapelab.fr\/?page_id=2014"},"modified":"2025-12-21T00:11:55","modified_gmt":"2025-12-20T23:11:55","slug":"cadeau","status":"publish","type":"page","link":"https:\/\/www.escapelab.fr\/en\/gift\/","title":{"rendered":"\ud83c\udf81 Escape LAB PARIS gift card"},"content":{"rendered":"<div id=\"pl-2014\"  class=\"panel-layout\" ><div id=\"pg-2014-0\"  class=\"panel-grid panel-has-style\" ><div class=\"siteorigin-panels-stretch panel-row-style-full-width panel-row-style panel-row-style-for-2014-0\" data-stretch-type=\"full\" ><div id=\"pgc-2014-0-0\"  class=\"panel-grid-cell\" ><div id=\"panel-2014-0-0-0\" class=\"so-panel widget widget_siteorigin-panels-builder panel-first-child panel-last-child\" data-index=\"0\" ><div id=\"pl-w69472d3b8b198\"  class=\"panel-layout\" ><div id=\"pg-w69472d3b8b198-0\"  class=\"panel-grid panel-no-style\" ><div id=\"pgc-w69472d3b8b198-0-0\"  class=\"panel-grid-cell\" ><div id=\"panel-w69472d3b8b198-0-0-0\" class=\"so-panel widget widget_sow-headline panel-first-child panel-last-child\" data-index=\"0\" ><div class=\"panel-widget-style panel-widget-style-for-w69472d3b8b198-0-0-0\" ><div\n\t\t\t\n\t\t\tclass=\"so-widget-sow-headline so-widget-sow-headline-default-6b52635ceda7\"\n\t\t\t\n\t\t><div class=\"sow-headline-container\">\n\t\t\t\t\t\t\t<h1 class=\"sow-headline\">\n\t\t\t\t\t\tGive the gift of a voucher for the 1st escape game complex in Paris! \t\t\t\t\t\t<\/h1>\n\t\t\t\t\t\t<\/div>\n<\/div><\/div><\/div><\/div><\/div><div id=\"pg-w69472d3b8b198-1\"  class=\"panel-grid panel-no-style\" ><div id=\"pgc-w69472d3b8b198-1-0\"  class=\"panel-grid-cell\" ><div id=\"panel-w69472d3b8b198-1-0-0\" class=\"so-panel widget widget_sow-image panel-first-child panel-last-child\" data-index=\"1\" ><div class=\"panel-widget-style panel-widget-style-for-w69472d3b8b198-1-0-0\" ><div\n\t\t\t\n\t\t\tclass=\"so-widget-sow-image so-widget-sow-image-default-334eeca80698\"\n\t\t\t\n\t\t>\n<div class=\"sow-image-container\">\n\t\t\t<a href=\"https:\/\/escapelab-paris2.4escape.io\/shop\"\n\t\t\ttarget=\"_blank\" rel=\"noopener noreferrer\" \t\t>\n\t\t\t<img \n\tsrc=\"https:\/\/www.escapelab.fr\/wp-content\/uploads\/2025\/12\/bon-cadeau2025-1024x488.jpg\" width=\"720\" height=\"343\" srcset=\"https:\/\/www.escapelab.fr\/wp-content\/uploads\/2025\/12\/bon-cadeau2025-1024x488.jpg 1024w, https:\/\/www.escapelab.fr\/wp-content\/uploads\/2025\/12\/bon-cadeau2025-300x143.jpg 300w, https:\/\/www.escapelab.fr\/wp-content\/uploads\/2025\/12\/bon-cadeau2025-768x366.jpg 768w, https:\/\/www.escapelab.fr\/wp-content\/uploads\/2025\/12\/bon-cadeau2025-1536x731.jpg 1536w, https:\/\/www.escapelab.fr\/wp-content\/uploads\/2025\/12\/bon-cadeau2025-2048x975.jpg 2048w, https:\/\/www.escapelab.fr\/wp-content\/uploads\/2025\/12\/bon-cadeau2025-18x9.jpg 18w\" sizes=\"(max-width: 720px) 100vw, 720px\" alt=\"\" \t\tclass=\"so-widget-image\"\/>\n\t\t\t<\/a><\/div>\n\n<\/div><\/div><\/div><\/div><div id=\"pgc-w69472d3b8b198-1-1\"  class=\"panel-grid-cell\" ><div id=\"panel-w69472d3b8b198-1-1-0\" class=\"so-panel widget widget_sow-headline panel-first-child\" data-index=\"2\" ><div class=\"panel-widget-style panel-widget-style-for-w69472d3b8b198-1-1-0\" ><div\n\t\t\t\n\t\t\tclass=\"so-widget-sow-headline so-widget-sow-headline-default-0e914e20c7cc\"\n\t\t\t\n\t\t><div class=\"sow-headline-container\">\n\t\t\t\t\t\t\t<h3 class=\"sow-sub-headline\">\n\t\t\t\t\t\tAn incredible choice, 8 escape rooms &amp; adventures, 8 themes, new releases on a regular basis, escape rooms for 2 players or more, for the whole family and from just \u20ac28 per person.\t\t\t\t\t\t<\/h3>\n\t\t\t\t\t\t<\/div>\n<\/div><\/div><\/div><div id=\"panel-w69472d3b8b198-1-1-1\" class=\"so-panel widget widget_siteorigin-panels-builder panel-last-child\" data-index=\"3\" ><div id=\"pl-w65855c717345c\"  class=\"panel-layout\" ><div id=\"pg-w65855c717345c-0\"  class=\"panel-grid panel-no-style\" ><div id=\"pgc-w65855c717345c-0-0\"  class=\"panel-grid-cell\" ><div id=\"panel-w65855c717345c-0-0-0\" class=\"so-panel widget widget_sow-button panel-first-child panel-last-child\" data-index=\"0\" ><div class=\"panel-widget-style panel-widget-style-for-w65855c717345c-0-0-0\" ><div\n\t\t\t\n\t\t\tclass=\"so-widget-sow-button so-widget-sow-button-flat-295769f1552e\"\n\t\t\t\n\t\t><div class=\"ow-button-base ow-button-align-center\"\n>\n\t\t\t<a\n\t\t\t\t\thref=\"https:\/\/escapelab-paris2.4escape.io\/shop\"\n\t\t\t\t\tclass=\"sowb-button ow-icon-placement-left ow-button-hover\" \t>\n\t\t<span>\n\t\t\t<span class=\"sow-icon-fontawesome sow-fas\" data-sow-icon=\"&#xf06b;\"\n\t\tstyle=\"color: #ffffff\" \n\t\taria-hidden=\"true\"><\/span>\n\t\t\tBuy an Escape LAB gift voucher\t\t<\/span>\n\t\t\t<\/a>\n\t<\/div>\n<\/div><\/div><\/div><\/div><div id=\"pgc-w65855c717345c-0-1\"  class=\"panel-grid-cell\" ><div id=\"panel-w65855c717345c-0-1-0\" class=\"so-panel widget widget_sow-button panel-first-child panel-last-child\" data-index=\"1\" ><div class=\"panel-widget-style panel-widget-style-for-w65855c717345c-0-1-0\" ><div\n\t\t\t\n\t\t\tclass=\"so-widget-sow-button so-widget-sow-button-flat-0daca8c512a7\"\n\t\t\t\n\t\t><div class=\"ow-button-base ow-button-align-center\"\n>\n\t\t\t<a\n\t\t\t\t\thref=\"https:\/\/www.escapelab.fr\/en\/book\/\"\n\t\t\t\t\tclass=\"sowb-button ow-icon-placement-left ow-button-hover\" \t>\n\t\t<span>\n\t\t\t<span class=\"sow-icon-fontawesome sow-fas\" data-sow-icon=\"&#xf06b;\"\n\t\tstyle=\"color: #000000\" \n\t\taria-hidden=\"true\"><\/span>\n\t\t\tHave you received a gift voucher? Book now!\t\t<\/span>\n\t\t\t<\/a>\n\t<\/div>\n<\/div><\/div><\/div><\/div><\/div><\/div><\/div><\/div><\/div><\/div><\/div><\/div><\/div><\/div><div id=\"pg-2014-1\"  class=\"panel-grid panel-has-style\" ><div class=\"siteorigin-panels-stretch panel-row-style-full-width panel-row-style panel-row-style-for-2014-1\" data-stretch-type=\"full-width-stretch\" ><div id=\"pgc-2014-1-0\"  class=\"panel-grid-cell\" ><div id=\"panel-2014-1-0-0\" class=\"so-panel widget widget_sow-headline panel-first-child panel-last-child\" data-index=\"1\" ><div\n\t\t\t\n\t\t\tclass=\"so-widget-sow-headline so-widget-sow-headline-default-6b52635ceda7-2014\"\n\t\t\t\n\t\t><div class=\"sow-headline-container\">\n\t\t\t\t\t\t\t<h3 class=\"sow-sub-headline\">\n\t\t\t\t\t\tPersonalise &amp; print your gift card with the visual of the escape game of your choice...<br \/>or collect your gift card by Click &amp; Collect on request\t\t\t\t\t\t<\/h3>\n\t\t\t\t\t\t<\/div>\n<\/div><\/div><\/div><\/div><\/div><div id=\"pg-2014-2\"  class=\"panel-grid panel-has-style\" ><div class=\"siteorigin-panels-stretch panel-row-style-full-width panel-row-style panel-row-style-for-2014-2\" data-stretch-type=\"full-width-stretch\" ><div id=\"pgc-2014-2-0\"  class=\"panel-grid-cell panel-grid-cell-empty\" ><\/div><div id=\"pgc-2014-2-1\"  class=\"panel-grid-cell\" ><div id=\"panel-2014-2-1-0\" class=\"so-panel widget widget_sow-image panel-first-child\" data-index=\"2\" ><div\n\t\t\t\n\t\t\tclass=\"so-widget-sow-image so-widget-sow-image-default-113ccd71f3e6-2014\"\n\t\t\t\n\t\t>\n<div class=\"sow-image-container\">\n\t\t\t<a href=\"https:\/\/escapelab-paris2.4escape.io\/shop\"\n\t\t\ttarget=\"_blank\" rel=\"noopener noreferrer\" \t\t>\n\t\t\t<img \n\tsrc=\"https:\/\/www.escapelab.fr\/wp-content\/uploads\/2025\/12\/bon-cadeau2025-1024x488.jpg\" width=\"720\" height=\"343\" srcset=\"https:\/\/www.escapelab.fr\/wp-content\/uploads\/2025\/12\/bon-cadeau2025-1024x488.jpg 1024w, https:\/\/www.escapelab.fr\/wp-content\/uploads\/2025\/12\/bon-cadeau2025-300x143.jpg 300w, https:\/\/www.escapelab.fr\/wp-content\/uploads\/2025\/12\/bon-cadeau2025-768x366.jpg 768w, https:\/\/www.escapelab.fr\/wp-content\/uploads\/2025\/12\/bon-cadeau2025-1536x731.jpg 1536w, https:\/\/www.escapelab.fr\/wp-content\/uploads\/2025\/12\/bon-cadeau2025-2048x975.jpg 2048w, https:\/\/www.escapelab.fr\/wp-content\/uploads\/2025\/12\/bon-cadeau2025-18x9.jpg 18w\" sizes=\"(max-width: 720px) 100vw, 720px\" alt=\"\" \t\tclass=\"so-widget-image\"\/>\n\t\t\t<\/a><\/div>\n\n<\/div><\/div><div id=\"panel-2014-2-1-1\" class=\"so-panel widget widget_sow-button panel-last-child\" data-index=\"3\" ><div\n\t\t\t\n\t\t\tclass=\"so-widget-sow-button so-widget-sow-button-flat-25882a5f4933-2014\"\n\t\t\t\n\t\t><div class=\"ow-button-base ow-button-align-center\"\n>\n\t\t\t<a\n\t\t\t\t\thref=\"https:\/\/escapelab-paris2.4escape.io\/shop\"\n\t\t\t\t\tclass=\"sowb-button ow-icon-placement-left ow-button-hover\" target=\"_blank\" rel=\"noopener noreferrer\" \t>\n\t\t<span>\n\t\t\t<span class=\"sow-icon-fontawesome sow-fas\" data-sow-icon=\"&#xf291;\"\n\t\tstyle=\"color: #000000\" \n\t\taria-hidden=\"true\"><\/span>\n\t\t\t\t\t<\/span>\n\t\t\t<\/a>\n\t<\/div>\n<\/div><\/div><\/div><div id=\"pgc-2014-2-2\"  class=\"panel-grid-cell\" ><div id=\"panel-2014-2-2-0\" class=\"so-panel widget widget_sow-image panel-first-child\" data-index=\"4\" ><div\n\t\t\t\n\t\t\tclass=\"so-widget-sow-image so-widget-sow-image-default-113ccd71f3e6-2014\"\n\t\t\t\n\t\t>\n<div class=\"sow-image-container\">\n\t\t\t<a href=\"https:\/\/escapelab-paris2.4escape.io\/shop\"\n\t\t\ttarget=\"_blank\" rel=\"noopener noreferrer\" \t\t>\n\t\t\t<img \n\tsrc=\"https:\/\/www.escapelab.fr\/wp-content\/uploads\/2025\/01\/bon-cadeauTREX-1024x488.jpg\" width=\"720\" height=\"343\" srcset=\"https:\/\/www.escapelab.fr\/wp-content\/uploads\/2025\/01\/bon-cadeauTREX-1024x488.jpg 1024w, https:\/\/www.escapelab.fr\/wp-content\/uploads\/2025\/01\/bon-cadeauTREX-300x143.jpg 300w, https:\/\/www.escapelab.fr\/wp-content\/uploads\/2025\/01\/bon-cadeauTREX-768x366.jpg 768w, https:\/\/www.escapelab.fr\/wp-content\/uploads\/2025\/01\/bon-cadeauTREX-1536x731.jpg 1536w, https:\/\/www.escapelab.fr\/wp-content\/uploads\/2025\/01\/bon-cadeauTREX-2048x975.jpg 2048w, https:\/\/www.escapelab.fr\/wp-content\/uploads\/2025\/01\/bon-cadeauTREX-18x9.jpg 18w\" sizes=\"(max-width: 720px) 100vw, 720px\" title=\"T.REX MISSION\" alt=\"\" \t\tclass=\"so-widget-image\"\/>\n\t\t\t<\/a><\/div>\n\n<\/div><\/div><div id=\"panel-2014-2-2-1\" class=\"so-panel widget widget_sow-button panel-last-child\" data-index=\"5\" ><div\n\t\t\t\n\t\t\tclass=\"so-widget-sow-button so-widget-sow-button-flat-d11cd3cab14d-2014\"\n\t\t\t\n\t\t><div class=\"ow-button-base ow-button-align-center\"\n>\n\t\t\t<a\n\t\t\t\t\thref=\"https:\/\/escapelab-paris2.4escape.io\/shop\"\n\t\t\t\t\tclass=\"sowb-button ow-icon-placement-left ow-button-hover\" target=\"_blank\" rel=\"noopener noreferrer\" \t>\n\t\t<span>\n\t\t\t<span class=\"sow-icon-fontawesome sow-fas\" data-sow-icon=\"&#xf291;\"\n\t\tstyle=\"color: #000000\" \n\t\taria-hidden=\"true\"><\/span>\n\t\t\t\t\t<\/span>\n\t\t\t<\/a>\n\t<\/div>\n<\/div><\/div><\/div><div id=\"pgc-2014-2-3\"  class=\"panel-grid-cell\" ><div id=\"panel-2014-2-3-0\" class=\"so-panel widget widget_sow-image panel-first-child\" data-index=\"6\" ><div\n\t\t\t\n\t\t\tclass=\"so-widget-sow-image so-widget-sow-image-default-113ccd71f3e6-2014\"\n\t\t\t\n\t\t>\n<div class=\"sow-image-container\">\n\t\t\t<a href=\"https:\/\/escapelab-paris2.4escape.io\/shop\"\n\t\t\ttarget=\"_blank\" rel=\"noopener noreferrer\" \t\t>\n\t\t\t<img \n\tsrc=\"https:\/\/www.escapelab.fr\/wp-content\/uploads\/2023\/11\/bon-cadeau2024-raptor-1024x488.jpg\" width=\"720\" height=\"343\" srcset=\"https:\/\/www.escapelab.fr\/wp-content\/uploads\/2023\/11\/bon-cadeau2024-raptor-1024x488.jpg 1024w, https:\/\/www.escapelab.fr\/wp-content\/uploads\/2023\/11\/bon-cadeau2024-raptor-300x143.jpg 300w, https:\/\/www.escapelab.fr\/wp-content\/uploads\/2023\/11\/bon-cadeau2024-raptor-768x366.jpg 768w, https:\/\/www.escapelab.fr\/wp-content\/uploads\/2023\/11\/bon-cadeau2024-raptor-1536x731.jpg 1536w, https:\/\/www.escapelab.fr\/wp-content\/uploads\/2023\/11\/bon-cadeau2024-raptor-2048x975.jpg 2048w, https:\/\/www.escapelab.fr\/wp-content\/uploads\/2023\/11\/bon-cadeau2024-raptor-18x9.jpg 18w\" sizes=\"(max-width: 720px) 100vw, 720px\" title=\"RAPTOR\" alt=\"\" \t\tclass=\"so-widget-image\"\/>\n\t\t\t<\/a><\/div>\n\n<\/div><\/div><div id=\"panel-2014-2-3-1\" class=\"so-panel widget widget_sow-button panel-last-child\" data-index=\"7\" ><div\n\t\t\t\n\t\t\tclass=\"so-widget-sow-button so-widget-sow-button-flat-25882a5f4933-2014\"\n\t\t\t\n\t\t><div class=\"ow-button-base ow-button-align-center\"\n>\n\t\t\t<a\n\t\t\t\t\thref=\"https:\/\/escapelab-paris2.4escape.io\/shop\"\n\t\t\t\t\tclass=\"sowb-button ow-icon-placement-left ow-button-hover\" target=\"_blank\" rel=\"noopener noreferrer\" \t>\n\t\t<span>\n\t\t\t<span class=\"sow-icon-fontawesome sow-fas\" data-sow-icon=\"&#xf291;\"\n\t\tstyle=\"color: #000000\" \n\t\taria-hidden=\"true\"><\/span>\n\t\t\t\t\t<\/span>\n\t\t\t<\/a>\n\t<\/div>\n<\/div><\/div><\/div><div id=\"pgc-2014-2-4\"  class=\"panel-grid-cell panel-grid-cell-mobile-last\" ><div id=\"panel-2014-2-4-0\" class=\"so-panel widget widget_sow-image panel-first-child\" data-index=\"8\" ><div\n\t\t\t\n\t\t\tclass=\"so-widget-sow-image so-widget-sow-image-default-113ccd71f3e6-2014\"\n\t\t\t\n\t\t>\n<div class=\"sow-image-container\">\n\t\t\t<a href=\"https:\/\/escapelab-paris2.4escape.io\/shop\"\n\t\t\ttarget=\"_blank\" rel=\"noopener noreferrer\" \t\t>\n\t\t\t<img \n\tsrc=\"https:\/\/www.escapelab.fr\/wp-content\/uploads\/2025\/01\/bon-cadeau1987-1024x488.jpg\" width=\"720\" height=\"343\" srcset=\"https:\/\/www.escapelab.fr\/wp-content\/uploads\/2025\/01\/bon-cadeau1987-1024x488.jpg 1024w, https:\/\/www.escapelab.fr\/wp-content\/uploads\/2025\/01\/bon-cadeau1987-300x143.jpg 300w, https:\/\/www.escapelab.fr\/wp-content\/uploads\/2025\/01\/bon-cadeau1987-768x366.jpg 768w, https:\/\/www.escapelab.fr\/wp-content\/uploads\/2025\/01\/bon-cadeau1987-1536x731.jpg 1536w, https:\/\/www.escapelab.fr\/wp-content\/uploads\/2025\/01\/bon-cadeau1987-2048x975.jpg 2048w, https:\/\/www.escapelab.fr\/wp-content\/uploads\/2025\/01\/bon-cadeau1987-18x9.jpg 18w\" sizes=\"(max-width: 720px) 100vw, 720px\" title=\"1987\" alt=\"\" \t\tclass=\"so-widget-image\"\/>\n\t\t\t<\/a><\/div>\n\n<\/div><\/div><div id=\"panel-2014-2-4-1\" class=\"so-panel widget widget_sow-button panel-last-child\" data-index=\"9\" ><div\n\t\t\t\n\t\t\tclass=\"so-widget-sow-button so-widget-sow-button-flat-25882a5f4933-2014\"\n\t\t\t\n\t\t><div class=\"ow-button-base ow-button-align-center\"\n>\n\t\t\t<a\n\t\t\t\t\thref=\"https:\/\/escapelab-paris2.4escape.io\/shop\"\n\t\t\t\t\tclass=\"sowb-button ow-icon-placement-left ow-button-hover\" target=\"_blank\" rel=\"noopener noreferrer\" \t>\n\t\t<span>\n\t\t\t<span class=\"sow-icon-fontawesome sow-fas\" data-sow-icon=\"&#xf291;\"\n\t\tstyle=\"color: #000000\" \n\t\taria-hidden=\"true\"><\/span>\n\t\t\t\t\t<\/span>\n\t\t\t<\/a>\n\t<\/div>\n<\/div><\/div><\/div><div id=\"pgc-2014-2-5\"  class=\"panel-grid-cell panel-grid-cell-empty\" ><\/div><\/div><\/div><div id=\"pg-2014-3\"  class=\"panel-grid panel-has-style\" ><div class=\"panel-row-style panel-row-style-for-2014-3\" ><div id=\"pgc-2014-3-0\"  class=\"panel-grid-cell panel-grid-cell-empty\" ><\/div><\/div><\/div><div id=\"pg-2014-4\"  class=\"panel-grid panel-has-style\" ><div class=\"siteorigin-panels-stretch panel-row-style-full-width panel-row-style panel-row-style-for-2014-4\" data-stretch-type=\"full-width-stretch\" ><div id=\"pgc-2014-4-0\"  class=\"panel-grid-cell panel-grid-cell-empty\" ><\/div><div id=\"pgc-2014-4-1\"  class=\"panel-grid-cell\" ><div id=\"panel-2014-4-1-0\" class=\"so-panel widget widget_sow-image panel-first-child\" data-index=\"10\" ><div\n\t\t\t\n\t\t\tclass=\"so-widget-sow-image so-widget-sow-image-default-113ccd71f3e6-2014\"\n\t\t\t\n\t\t>\n<div class=\"sow-image-container\">\n\t\t\t<a href=\"https:\/\/escapelab-paris2.4escape.io\/shop\"\n\t\t\ttarget=\"_blank\" rel=\"noopener noreferrer\" \t\t>\n\t\t\t<img \n\tsrc=\"https:\/\/www.escapelab.fr\/wp-content\/uploads\/2023\/11\/bon-cadeau2024-maya-1024x488.jpg\" width=\"720\" height=\"343\" srcset=\"https:\/\/www.escapelab.fr\/wp-content\/uploads\/2023\/11\/bon-cadeau2024-maya-1024x488.jpg 1024w, https:\/\/www.escapelab.fr\/wp-content\/uploads\/2023\/11\/bon-cadeau2024-maya-300x143.jpg 300w, https:\/\/www.escapelab.fr\/wp-content\/uploads\/2023\/11\/bon-cadeau2024-maya-768x366.jpg 768w, https:\/\/www.escapelab.fr\/wp-content\/uploads\/2023\/11\/bon-cadeau2024-maya-1536x731.jpg 1536w, https:\/\/www.escapelab.fr\/wp-content\/uploads\/2023\/11\/bon-cadeau2024-maya-2048x975.jpg 2048w, https:\/\/www.escapelab.fr\/wp-content\/uploads\/2023\/11\/bon-cadeau2024-maya-18x9.jpg 18w\" sizes=\"(max-width: 720px) 100vw, 720px\" title=\"MAYA JUNGLE\" alt=\"\" \t\tclass=\"so-widget-image\"\/>\n\t\t\t<\/a><\/div>\n\n<\/div><\/div><div id=\"panel-2014-4-1-1\" class=\"so-panel widget widget_sow-button panel-last-child\" data-index=\"11\" ><div\n\t\t\t\n\t\t\tclass=\"so-widget-sow-button so-widget-sow-button-flat-25882a5f4933-2014\"\n\t\t\t\n\t\t><div class=\"ow-button-base ow-button-align-center\"\n>\n\t\t\t<a\n\t\t\t\t\thref=\"https:\/\/escapelab-paris2.4escape.io\/shop\"\n\t\t\t\t\tclass=\"sowb-button ow-icon-placement-left ow-button-hover\" target=\"_blank\" rel=\"noopener noreferrer\" \t>\n\t\t<span>\n\t\t\t<span class=\"sow-icon-fontawesome sow-fas\" data-sow-icon=\"&#xf291;\"\n\t\tstyle=\"color: #000000\" \n\t\taria-hidden=\"true\"><\/span>\n\t\t\t\t\t<\/span>\n\t\t\t<\/a>\n\t<\/div>\n<\/div><\/div><\/div><div id=\"pgc-2014-4-2\"  class=\"panel-grid-cell\" ><div id=\"panel-2014-4-2-0\" class=\"so-panel widget widget_sow-image panel-first-child\" data-index=\"12\" ><div\n\t\t\t\n\t\t\tclass=\"so-widget-sow-image so-widget-sow-image-default-113ccd71f3e6-2014\"\n\t\t\t\n\t\t>\n<div class=\"sow-image-container\">\n\t\t\t<a href=\"https:\/\/escapelab-paris2.4escape.io\/shop\"\n\t\t\ttarget=\"_blank\" rel=\"noopener noreferrer\" \t\t>\n\t\t\t<img \n\tsrc=\"https:\/\/www.escapelab.fr\/wp-content\/uploads\/2025\/01\/bon-cadeau4DVR2024-1024x488.jpg\" width=\"720\" height=\"343\" srcset=\"https:\/\/www.escapelab.fr\/wp-content\/uploads\/2025\/01\/bon-cadeau4DVR2024-1024x488.jpg 1024w, https:\/\/www.escapelab.fr\/wp-content\/uploads\/2025\/01\/bon-cadeau4DVR2024-300x143.jpg 300w, https:\/\/www.escapelab.fr\/wp-content\/uploads\/2025\/01\/bon-cadeau4DVR2024-768x366.jpg 768w, https:\/\/www.escapelab.fr\/wp-content\/uploads\/2025\/01\/bon-cadeau4DVR2024-1536x731.jpg 1536w, https:\/\/www.escapelab.fr\/wp-content\/uploads\/2025\/01\/bon-cadeau4DVR2024-2048x975.jpg 2048w, https:\/\/www.escapelab.fr\/wp-content\/uploads\/2025\/01\/bon-cadeau4DVR2024-18x9.jpg 18w\" sizes=\"(max-width: 720px) 100vw, 720px\" title=\"JUMPERS 4D VR\" alt=\"\" \t\tclass=\"so-widget-image\"\/>\n\t\t\t<\/a><\/div>\n\n<\/div><\/div><div id=\"panel-2014-4-2-1\" class=\"so-panel widget widget_sow-button panel-last-child\" data-index=\"13\" ><div\n\t\t\t\n\t\t\tclass=\"so-widget-sow-button so-widget-sow-button-flat-d11cd3cab14d-2014\"\n\t\t\t\n\t\t><div class=\"ow-button-base ow-button-align-center\"\n>\n\t\t\t<a\n\t\t\t\t\thref=\"https:\/\/escapelab-paris2.4escape.io\/shop\"\n\t\t\t\t\tclass=\"sowb-button ow-icon-placement-left ow-button-hover\" target=\"_blank\" rel=\"noopener noreferrer\" \t>\n\t\t<span>\n\t\t\t<span class=\"sow-icon-fontawesome sow-fas\" data-sow-icon=\"&#xf291;\"\n\t\tstyle=\"color: #000000\" \n\t\taria-hidden=\"true\"><\/span>\n\t\t\t\t\t<\/span>\n\t\t\t<\/a>\n\t<\/div>\n<\/div><\/div><\/div><div id=\"pgc-2014-4-3\"  class=\"panel-grid-cell panel-grid-cell-mobile-last\" ><div id=\"panel-2014-4-3-0\" class=\"so-panel widget widget_sow-image panel-first-child\" data-index=\"14\" ><div\n\t\t\t\n\t\t\tclass=\"so-widget-sow-image so-widget-sow-image-default-113ccd71f3e6-2014\"\n\t\t\t\n\t\t>\n<div class=\"sow-image-container\">\n\t\t\t<a href=\"https:\/\/escapelab-paris2.4escape.io\/shop\"\n\t\t\ttarget=\"_blank\" rel=\"noopener noreferrer\" \t\t>\n\t\t\t<img \n\tsrc=\"https:\/\/www.escapelab.fr\/wp-content\/uploads\/2023\/11\/bon-cadeau2024-mystique-1024x488.jpg\" width=\"720\" height=\"343\" srcset=\"https:\/\/www.escapelab.fr\/wp-content\/uploads\/2023\/11\/bon-cadeau2024-mystique-1024x488.jpg 1024w, https:\/\/www.escapelab.fr\/wp-content\/uploads\/2023\/11\/bon-cadeau2024-mystique-300x143.jpg 300w, https:\/\/www.escapelab.fr\/wp-content\/uploads\/2023\/11\/bon-cadeau2024-mystique-768x366.jpg 768w, https:\/\/www.escapelab.fr\/wp-content\/uploads\/2023\/11\/bon-cadeau2024-mystique-1536x731.jpg 1536w, https:\/\/www.escapelab.fr\/wp-content\/uploads\/2023\/11\/bon-cadeau2024-mystique-2048x975.jpg 2048w, https:\/\/www.escapelab.fr\/wp-content\/uploads\/2023\/11\/bon-cadeau2024-mystique-18x9.jpg 18w\" sizes=\"(max-width: 720px) 100vw, 720px\" title=\"MYSTIC\" alt=\"\" \t\tclass=\"so-widget-image\"\/>\n\t\t\t<\/a><\/div>\n\n<\/div><\/div><div id=\"panel-2014-4-3-1\" class=\"so-panel widget widget_sow-button panel-last-child\" data-index=\"15\" ><div\n\t\t\t\n\t\t\tclass=\"so-widget-sow-button so-widget-sow-button-flat-25882a5f4933-2014\"\n\t\t\t\n\t\t><div class=\"ow-button-base ow-button-align-center\"\n>\n\t\t\t<a\n\t\t\t\t\thref=\"https:\/\/escapelab-paris2.4escape.io\/shop\"\n\t\t\t\t\tclass=\"sowb-button ow-icon-placement-left ow-button-hover\" target=\"_blank\" rel=\"noopener noreferrer\" \t>\n\t\t<span>\n\t\t\t<span class=\"sow-icon-fontawesome sow-fas\" data-sow-icon=\"&#xf291;\"\n\t\tstyle=\"color: #000000\" \n\t\taria-hidden=\"true\"><\/span>\n\t\t\t\t\t<\/span>\n\t\t\t<\/a>\n\t<\/div>\n<\/div><\/div><\/div><div id=\"pgc-2014-4-4\"  class=\"panel-grid-cell panel-grid-cell-empty\" ><\/div><\/div><\/div><div id=\"pg-2014-5\"  class=\"panel-grid panel-has-style\" ><div class=\"panel-row-style panel-row-style-for-2014-5\" ><div id=\"pgc-2014-5-0\"  class=\"panel-grid-cell panel-grid-cell-empty\" ><\/div><\/div><\/div><\/div>","protected":false},"excerpt":{"rendered":"<p>Offrez un bon cadeau valable dans le 1er complexe d&rsquo;escape game de Paris ! Un choix incroyable, 8 escape rooms &amp; aventures , 8 th\u00e8mes, des nouveaut\u00e9s r\u00e9guli\u00e8rement , des escape rooms \u00e0 partir de 2 joueurs, en famille et d\u00e8s 28\u20ac par personne seulement Achetez un bon cadeau Escape LAB Vous avez re\u00e7u un [&hellip;]<\/p>","protected":false},"author":4,"featured_media":33226,"parent":0,"menu_order":0,"comment_status":"closed","ping_status":"closed","template":"templates\/template-full-notitle.php","meta":{"_acf_changed":false,"footnotes":""},"class_list":["post-2014","page","type-page","status-publish","has-post-thumbnail","hentry","post","post-with-thumbnail","post-with-thumbnail-large"],"acf":[],"_links":{"self":[{"href":"https:\/\/www.escapelab.fr\/en\/wp-json\/wp\/v2\/pages\/2014","targetHints":{"allow":["GET"]}}],"collection":[{"href":"https:\/\/www.escapelab.fr\/en\/wp-json\/wp\/v2\/pages"}],"about":[{"href":"https:\/\/www.escapelab.fr\/en\/wp-json\/wp\/v2\/types\/page"}],"author":[{"embeddable":true,"href":"https:\/\/www.escapelab.fr\/en\/wp-json\/wp\/v2\/users\/4"}],"replies":[{"embeddable":true,"href":"https:\/\/www.escapelab.fr\/en\/wp-json\/wp\/v2\/comments?post=2014"}],"version-history":[{"count":0,"href":"https:\/\/www.escapelab.fr\/en\/wp-json\/wp\/v2\/pages\/2014\/revisions"}],"wp:featuredmedia":[{"embeddable":true,"href":"https:\/\/www.escapelab.fr\/en\/wp-json\/wp\/v2\/media\/33226"}],"wp:attachment":[{"href":"https:\/\/www.escapelab.fr\/en\/wp-json\/wp\/v2\/media?parent=2014"}],"curies":[{"name":"wp","href":"https:\/\/api.w.org\/{rel}","templated":true}]}}