{"id":1813,"date":"2017-11-16T09:31:42","date_gmt":"2017-11-16T08:31:42","guid":{"rendered":"https:\/\/www.escapelab.fr\/?page_id=1813"},"modified":"2021-08-20T11:12:30","modified_gmt":"2021-08-20T09:12:30","slug":"avis","status":"publish","type":"page","link":"https:\/\/www.escapelab.fr\/en\/opinion\/","title":{"rendered":"Opinions and comments Escape LAB PARIS"},"content":{"rendered":"<div id=\"pl-1813\"  class=\"panel-layout\" ><div id=\"pg-1813-0\"  class=\"panel-grid panel-no-style\" ><div id=\"pgc-1813-0-0\"  class=\"panel-grid-cell panel-grid-cell-mobile-last\" ><div id=\"panel-1813-0-0-0\" class=\"so-panel widget widget_sow-editor panel-first-child panel-last-child\" data-index=\"0\" ><div class=\"panel-widget-style panel-widget-style-for-1813-0-0-0\" ><div\n\t\t\t\n\t\t\tclass=\"so-widget-sow-editor so-widget-sow-editor-base\"\n\t\t\t\n\t\t>\n<div class=\"siteorigin-widget-tinymce textwidget\">\n\t\n<div class=\"wpcf7 no-js\" id=\"wpcf7-f1805-o1\" lang=\"fr-FR\" dir=\"ltr\" data-wpcf7-id=\"1805\">\n<div class=\"screen-reader-response\"><p role=\"status\" aria-live=\"polite\" aria-atomic=\"true\"><\/p> <ul><\/ul><\/div>\n<form action=\"\/en\/wp-json\/wp\/v2\/pages\/1813#wpcf7-f1805-o1\" method=\"post\" class=\"wpcf7-form init\" aria-label=\"Contact form\" novalidate=\"novalidate\" data-status=\"init\" data-trp-original-action=\"\/en\/wp-json\/wp\/v2\/pages\/1813#wpcf7-f1805-o1\">\n<fieldset class=\"hidden-fields-container\"><input type=\"hidden\" name=\"_wpcf7\" value=\"1805\" \/><input type=\"hidden\" name=\"_wpcf7_version\" value=\"6.1.5\" \/><input type=\"hidden\" name=\"_wpcf7_locale\" value=\"fr_FR\" \/><input type=\"hidden\" name=\"_wpcf7_unit_tag\" value=\"wpcf7-f1805-o1\" \/><input type=\"hidden\" name=\"_wpcf7_container_post\" value=\"0\" \/><input type=\"hidden\" name=\"_wpcf7_posted_data_hash\" value=\"\" \/><input type=\"hidden\" name=\"_wpcf7cf_hidden_group_fields\" value=\"[]\" \/><input type=\"hidden\" name=\"_wpcf7cf_hidden_groups\" value=\"[]\" \/><input type=\"hidden\" name=\"_wpcf7cf_visible_groups\" value=\"[]\" \/><input type=\"hidden\" name=\"_wpcf7cf_repeaters\" value=\"[]\" \/><input type=\"hidden\" name=\"_wpcf7cf_steps\" value=\"{}\" \/><input type=\"hidden\" name=\"_wpcf7cf_options\" value=\"{&quot;form_id&quot;:1805,&quot;conditions&quot;:[],&quot;settings&quot;:{&quot;animation&quot;:&quot;yes&quot;,&quot;animation_intime&quot;:200,&quot;animation_outtime&quot;:200,&quot;conditions_ui&quot;:&quot;normal&quot;,&quot;notice_dismissed&quot;:false,&quot;notice_dismissed_rollback-cf7-5.8&quot;:true}}\" \/><input type=\"hidden\" name=\"_wpcf7dtx_version\" value=\"5.0.5\" \/>\n<\/fieldset>\n<p>You're out of the escape room! (We hope so...)\n<\/p>\n<p>You may have come up with a few ideas or comments after overcoming the traps and trying to unravel the many mysteries.\n<\/p>\n<p>The escape game is a life-size game where many parameters have an impact on the adventure of each participant. Each session is unique.\n<\/p>\n<p>We want to provide our customers with the best possible experience and would be delighted to hear what you think of your stay with us.\n<\/p>\n<hr \/>\n<p>What did you think of<b>home<\/b> Escape LAB Paris ?<br \/>\n<span class=\"wpcf7-form-control-wrap\" data-name=\"note-accueil\"><select class=\"wpcf7-form-control wpcf7-select\" aria-invalid=\"false\" name=\"note-accueil\"><option value=\"\">-Please select an option-<\/option><option value=\"5\">5<\/option><option value=\"4\">4<\/option><option value=\"3\">3<\/option><option value=\"2\">2<\/option><option value=\"1\">1<\/option><option value=\"0\">0<\/option><\/select><\/span><span style=\"color:#e7e602;font-size:1.7em\">\u2605<\/span><br \/>\n<span class=\"wpcf7-form-control-wrap\" data-name=\"textarea-accueil\"><textarea cols=\"40\" rows=\"3\" maxlength=\"2000\" class=\"wpcf7-form-control wpcf7-textarea\" aria-invalid=\"false\" name=\"textarea-accueil\"><\/textarea><\/span>\n<\/p>\n<p>Did you have to wait more than 15 minutes? <span class=\"wpcf7-form-control-wrap\" data-name=\"checkbox-attente\"><span class=\"wpcf7-form-control wpcf7-checkbox wpcf7-exclusive-checkbox\"><span class=\"wpcf7-list-item first last\"><input type=\"checkbox\" name=\"checkbox-attente\" value=\"Oui\" \/><span class=\"wpcf7-list-item-label\">Yes<\/span><\/span><\/span><\/span>\n<\/p>\n<p>Date of last visit?<br \/>\n<span class=\"wpcf7-form-control-wrap\" data-name=\"date-venue\"><input class=\"wpcf7-form-control wpcf7-date wpcf7-validates-as-date\" aria-invalid=\"false\" value=\"\" type=\"date\" name=\"date-venue\" \/><\/span> Was this your 1st visit to us? <span class=\"wpcf7-form-control-wrap\" data-name=\"checkbox-premierefois\"><span class=\"wpcf7-form-control wpcf7-checkbox wpcf7-exclusive-checkbox\"><span class=\"wpcf7-list-item first last\"><input type=\"checkbox\" name=\"checkbox-premierefois\" value=\"Oui\" \/><span class=\"wpcf7-list-item-label\">Yes<\/span><\/span><\/span><\/span>\n<\/p>\n<hr \/>\n<p>Which escape room(s) have you taken part in?<br \/>\n<span class=\"wpcf7-form-control-wrap\" data-name=\"rooms\"><span class=\"wpcf7-form-control wpcf7-checkbox\"><span class=\"wpcf7-list-item first\"><input type=\"checkbox\" name=\"rooms[]\" value=\"Mystique\" \/><span class=\"wpcf7-list-item-label\">Mystique<\/span><\/span><span class=\"wpcf7-list-item\"><input type=\"checkbox\" name=\"rooms[]\" value=\"Maya jungle\" \/><span class=\"wpcf7-list-item-label\">Maya jungle<\/span><\/span><span class=\"wpcf7-list-item\"><input type=\"checkbox\" name=\"rooms[]\" value=\"Echo squad\" \/><span class=\"wpcf7-list-item-label\">Echo squad<\/span><\/span><span class=\"wpcf7-list-item\"><input type=\"checkbox\" name=\"rooms[]\" value=\"ALMA\" \/><span class=\"wpcf7-list-item-label\">ALMA<\/span><\/span><span class=\"wpcf7-list-item\"><input type=\"checkbox\" name=\"rooms[]\" value=\"PC securit\u00e9 B-423\" \/><span class=\"wpcf7-list-item-label\">B-423 security PC<\/span><\/span><span class=\"wpcf7-list-item\"><input type=\"checkbox\" name=\"rooms[]\" value=\"PowerStation B-423\" \/><span class=\"wpcf7-list-item-label\">PowerStation B-423<\/span><\/span><span class=\"wpcf7-list-item\"><input type=\"checkbox\" name=\"rooms[]\" value=\"Eclipse VR 4D\" \/><span class=\"wpcf7-list-item-label\">Eclipse VR 4D<\/span><\/span><span class=\"wpcf7-list-item\"><input type=\"checkbox\" name=\"rooms[]\" value=\"Ascenders VR 4D\" \/><span class=\"wpcf7-list-item-label\">Ascenders VR 4D<\/span><\/span><span class=\"wpcf7-list-item last\"><input type=\"checkbox\" name=\"rooms[]\" value=\"Autre\" \/><span class=\"wpcf7-list-item-label\">Other<\/span><\/span><\/span><\/span>\n<\/p>\n<p>On a scale of 1 to 5 <span style=\"color:#e7e602;font-size:1.7em\">\u2605<\/span> what is your overall level of satisfaction?<br \/>\n<span class=\"wpcf7-form-control-wrap\" data-name=\"note\"><select class=\"wpcf7-form-control wpcf7-select\" aria-invalid=\"false\" name=\"note\"><option value=\"\">-Please select an option-<\/option><option value=\"5\">5<\/option><option value=\"4\">4<\/option><option value=\"3\">3<\/option><option value=\"2\">2<\/option><option value=\"1\">1<\/option><option value=\"0\">0<\/option><\/select><\/span><span style=\"color:#e7e602;font-size:1.7em\">\u2605<\/span>\n<\/p>\n<p>What did you think of the role of <b>game master<\/b>\u00a0before, during and after the game?<br \/>\n<span class=\"wpcf7-form-control-wrap\" data-name=\"note-gm\"><select class=\"wpcf7-form-control wpcf7-select\" aria-invalid=\"false\" name=\"note-gm\"><option value=\"\">-Please select an option-<\/option><option value=\"5\">5<\/option><option value=\"4\">4<\/option><option value=\"3\">3<\/option><option value=\"2\">2<\/option><option value=\"1\">1<\/option><option value=\"0\">0<\/option><\/select><\/span><span style=\"color:#e7e602;font-size:1.7em\">\u2605<\/span><br \/>\n<span class=\"wpcf7-form-control-wrap\" data-name=\"textarea-gm\"><textarea cols=\"40\" rows=\"3\" maxlength=\"2000\" class=\"wpcf7-form-control wpcf7-textarea\" aria-invalid=\"false\" name=\"textarea-gm\"><\/textarea><\/span><br \/>\n<small>feel free to share your ideas and recommendations<\/small>\n<\/p>\n<p>What did you think of <b>history and setting<\/b> ?<br \/>\n<span class=\"wpcf7-form-control-wrap\" data-name=\"note-jeu\"><select class=\"wpcf7-form-control wpcf7-select\" aria-invalid=\"false\" name=\"note-jeu\"><option value=\"\">-Please select an option-<\/option><option value=\"5\">5<\/option><option value=\"4\">4<\/option><option value=\"3\">3<\/option><option value=\"2\">2<\/option><option value=\"1\">1<\/option><option value=\"0\">0<\/option><\/select><\/span><span style=\"color:#e7e602;font-size:1.7em\">\u2605<\/span><br \/>\n<span class=\"wpcf7-form-control-wrap\" data-name=\"textarea-jeu\"><textarea cols=\"40\" rows=\"3\" maxlength=\"2000\" class=\"wpcf7-form-control wpcf7-textarea\" aria-invalid=\"false\" name=\"textarea-jeu\"><\/textarea><\/span><br \/>\n<small>feel free to share your ideas and recommendations<\/small>\n<\/p>\n<p>Do you think that <b>room<\/b> is there room for improvement?<br \/>\n<span class=\"wpcf7-form-control-wrap\" data-name=\"checkbox-ameliorer\"><span class=\"wpcf7-form-control wpcf7-checkbox\"><span class=\"wpcf7-list-item first\"><input type=\"checkbox\" name=\"checkbox-ameliorer[]\" value=\"D\u00e9cor\" \/><span class=\"wpcf7-list-item-label\">Decor<\/span><\/span><span class=\"wpcf7-list-item\"><input type=\"checkbox\" name=\"checkbox-ameliorer[]\" value=\"Enigmes\" \/><span class=\"wpcf7-list-item-label\">Enigmas<\/span><\/span><span class=\"wpcf7-list-item\"><input type=\"checkbox\" name=\"checkbox-ameliorer[]\" value=\"Fun\" \/><span class=\"wpcf7-list-item-label\">Fun<\/span><\/span><span class=\"wpcf7-list-item\"><input type=\"checkbox\" name=\"checkbox-ameliorer[]\" value=\"Histoire\" \/><span class=\"wpcf7-list-item-label\">History<\/span><\/span><span class=\"wpcf7-list-item last\"><input type=\"checkbox\" name=\"checkbox-ameliorer[]\" value=\"Niveau\" \/><span class=\"wpcf7-list-item-label\">Level<\/span><\/span><\/span><\/span>\n<\/p>\n<hr \/>\n<p>How many escape games have you taken part in?<br \/>\n<span class=\"wpcf7-form-control-wrap\" data-name=\"nbescapes\"><select class=\"wpcf7-form-control wpcf7-select\" aria-invalid=\"false\" name=\"nbescapes\"><option value=\"\">-Please select an option-<\/option><option value=\"1\">1<\/option><option value=\"2\">2<\/option><option value=\"3\">3<\/option><option value=\"4\">4<\/option><option value=\"5 et +\">5 and over<\/option><option value=\"10 et +\">10 and over<\/option><option value=\"20 et +\">20 and over<\/option><option value=\"50 et +\">50 and over<\/option><\/select><\/span>\n<\/p>\n<p>Would you like to come back?<br \/>\n<span class=\"wpcf7-form-control-wrap\" data-name=\"checkbox-revenir\"><span class=\"wpcf7-form-control wpcf7-checkbox\"><span class=\"wpcf7-list-item first\"><input type=\"checkbox\" name=\"checkbox-revenir[]\" value=\"oui\" \/><span class=\"wpcf7-list-item-label\">yes<\/span><\/span><span class=\"wpcf7-list-item\"><input type=\"checkbox\" name=\"checkbox-revenir[]\" value=\"non\" \/><span class=\"wpcf7-list-item-label\">no<\/span><\/span><span class=\"wpcf7-list-item last\"><input type=\"checkbox\" name=\"checkbox-revenir[]\" value=\"peut-\u00eatre\" \/><span class=\"wpcf7-list-item-label\">perhaps<\/span><\/span><\/span><\/span>\n<\/p>\n<p>Do you have any ideas or comments? We look forward to hearing from you.<br \/>\n<span class=\"wpcf7-form-control-wrap\" data-name=\"textarea-commentaireglobal\"><textarea cols=\"40\" rows=\"4\" maxlength=\"2000\" class=\"wpcf7-form-control wpcf7-textarea\" aria-invalid=\"false\" name=\"textarea-commentaireglobal\"><\/textarea><\/span>\n<\/p>\n<p>Contact email : <span class=\"wpcf7-form-control-wrap\" data-name=\"emailclient\"><input size=\"40\" maxlength=\"400\" class=\"wpcf7-form-control wpcf7-email wpcf7-text wpcf7-validates-as-email\" aria-invalid=\"false\" value=\"\" type=\"email\" name=\"emailclient\" \/><\/span><small>(optional)<\/small>\n<\/p>\n<p><input class=\"wpcf7-form-control wpcf7-submit has-spinner\" type=\"submit\" value=\"Submit your opinion\" \/>\n<\/p><div class=\"wpcf7-response-output\" aria-hidden=\"true\"><\/div>\n<input type=\"hidden\" name=\"trp-form-language\" value=\"en\"\/><\/form>\n<\/div>\n\n<\/div>\n<\/div><\/div><\/div><\/div><div id=\"pgc-1813-0-1\"  class=\"panel-grid-cell panel-grid-cell-empty\" ><\/div><\/div><\/div>","protected":false},"excerpt":{"rendered":"<p>Vous voil\u00e0 sortis de l\u2019escape room ! (Nous l&rsquo;esp\u00e9rons&#8230;) Apr\u00e8s avoir d\u00e9jou\u00e9 les pi\u00e8ges et essay\u00e9 d\u2019\u00e9lucider les nombreux myst\u00e8res vous avez peut \u00eatre eu des id\u00e9es ou remarques. L&rsquo;escape game est un jeu grandeur nature o\u00f9 de nombreux param\u00e8tres impactent l&rsquo;aventure de chaque participant. Chaque session est unique. Soucieux d&rsquo;apporter une exp\u00e9rience optimale \u00e0 [&hellip;]<\/p>","protected":false},"author":4,"featured_media":0,"parent":0,"menu_order":0,"comment_status":"closed","ping_status":"closed","template":"","meta":{"_acf_changed":false,"footnotes":""},"class_list":["post-1813","page","type-page","status-publish","hentry","post"],"acf":[],"_links":{"self":[{"href":"https:\/\/www.escapelab.fr\/en\/wp-json\/wp\/v2\/pages\/1813","targetHints":{"allow":["GET"]}}],"collection":[{"href":"https:\/\/www.escapelab.fr\/en\/wp-json\/wp\/v2\/pages"}],"about":[{"href":"https:\/\/www.escapelab.fr\/en\/wp-json\/wp\/v2\/types\/page"}],"author":[{"embeddable":true,"href":"https:\/\/www.escapelab.fr\/en\/wp-json\/wp\/v2\/users\/4"}],"replies":[{"embeddable":true,"href":"https:\/\/www.escapelab.fr\/en\/wp-json\/wp\/v2\/comments?post=1813"}],"version-history":[{"count":0,"href":"https:\/\/www.escapelab.fr\/en\/wp-json\/wp\/v2\/pages\/1813\/revisions"}],"wp:attachment":[{"href":"https:\/\/www.escapelab.fr\/en\/wp-json\/wp\/v2\/media?parent=1813"}],"curies":[{"name":"wp","href":"https:\/\/api.w.org\/{rel}","templated":true}]}}