{"id":132,"date":"2017-06-13T12:47:16","date_gmt":"2017-06-13T10:47:16","guid":{"rendered":"https:\/\/www.escapelab.fr\/?page_id=132"},"modified":"2017-06-27T10:26:38","modified_gmt":"2017-06-27T08:26:38","slug":"candidater-pour-the-escape-lab","status":"publish","type":"page","link":"https:\/\/www.escapelab.fr\/en\/apply-for-the-escape-lab\/","title":{"rendered":"Candidater pour The Escape LAB&rsquo;"},"content":{"rendered":"<div id=\"pl-132\"  class=\"panel-layout\" ><div id=\"pg-132-0\"  class=\"panel-grid panel-no-style\" ><div id=\"pgc-132-0-0\"  class=\"panel-grid-cell\" ><div id=\"panel-132-0-0-0\" class=\"so-panel widget widget_sow-image panel-first-child panel-last-child\" data-index=\"0\" ><div\n\t\t\t\n\t\t\tclass=\"so-widget-sow-image so-widget-sow-image-default-6ec9e3772f75-132\"\n\t\t\t\n\t\t>\n<div class=\"sow-image-container\">\n\t\t<img \n\tsrc=\"https:\/\/www.escapelab.fr\/wp-content\/uploads\/2017\/06\/escapelab-concept-logo.png\" width=\"685\" height=\"569\" srcset=\"https:\/\/www.escapelab.fr\/wp-content\/uploads\/2017\/06\/escapelab-concept-logo.png 685w, https:\/\/www.escapelab.fr\/wp-content\/uploads\/2017\/06\/escapelab-concept-logo-300x249.png 300w\" sizes=\"(max-width: 685px) 100vw, 685px\" alt=\"\" \t\tclass=\"so-widget-image\"\/>\n\t<\/div>\n\n<\/div><\/div><\/div><div id=\"pgc-132-0-1\"  class=\"panel-grid-cell\" ><div id=\"panel-132-0-1-0\" class=\"so-panel widget widget_sow-editor panel-first-child\" data-index=\"1\" ><div class=\"panel-widget-style panel-widget-style-for-132-0-1-0\" ><div\n\t\t\t\n\t\t\tclass=\"so-widget-sow-editor so-widget-sow-editor-base\"\n\t\t\t\n\t\t><h3 class=\"widget-title\">Are you an Escape Room creator?<\/h3>\n<div class=\"siteorigin-widget-tinymce textwidget\">\n\t<p><strong>The Escape LAB' is a unique project dedicated to escape room creators (freelancers, designers, gamedesigners and franchises).<\/strong><\/p>\n<p><strong>Join one of our complexes to set up your escape rooms on a permanent or temporary basis.<\/strong><\/p>\n<p><strong>Before submitting your application, please :<\/strong><\/p>\n<ul>\n<li><strong>Proof of 18 months' activity or more in the escape game sector<\/strong><\/li>\n<li><strong>Create original escape rooms designed and created in France<\/strong><\/li>\n<li><strong>A team to design, install, maintain and operate your rooms<\/strong><\/li>\n<li><strong>Be able to provide certificates of conformity for materials and decorations<\/strong><\/li>\n<\/ul>\n<p>\u00a0<\/p>\n<\/div>\n<\/div><\/div><\/div><div id=\"panel-132-0-1-1\" class=\"so-panel widget widget_sow-editor panel-last-child\" data-index=\"2\" ><div\n\t\t\t\n\t\t\tclass=\"so-widget-sow-editor so-widget-sow-editor-base\"\n\t\t\t\n\t\t>\n<div class=\"siteorigin-widget-tinymce textwidget\">\n\t\n<div class=\"wpcf7 no-js\" id=\"wpcf7-f133-o1\" lang=\"fr-FR\" dir=\"ltr\" data-wpcf7-id=\"133\">\n<div class=\"screen-reader-response\"><p role=\"status\" aria-live=\"polite\" aria-atomic=\"true\"><\/p> <ul><\/ul><\/div>\n<form action=\"\/en\/wp-json\/wp\/v2\/pages\/132#wpcf7-f133-o1\" method=\"post\" class=\"wpcf7-form init\" aria-label=\"Contact form\" novalidate=\"novalidate\" data-status=\"init\" data-trp-original-action=\"\/en\/wp-json\/wp\/v2\/pages\/132#wpcf7-f133-o1\">\n<fieldset class=\"hidden-fields-container\"><input type=\"hidden\" name=\"_wpcf7\" value=\"133\" \/><input type=\"hidden\" name=\"_wpcf7_version\" value=\"6.1.5\" \/><input type=\"hidden\" name=\"_wpcf7_locale\" value=\"fr_FR\" \/><input type=\"hidden\" name=\"_wpcf7_unit_tag\" value=\"wpcf7-f133-o1\" \/><input type=\"hidden\" name=\"_wpcf7_container_post\" value=\"0\" \/><input type=\"hidden\" name=\"_wpcf7_posted_data_hash\" value=\"\" \/><input type=\"hidden\" name=\"_wpcf7cf_hidden_group_fields\" value=\"[]\" \/><input type=\"hidden\" name=\"_wpcf7cf_hidden_groups\" value=\"[]\" \/><input type=\"hidden\" name=\"_wpcf7cf_visible_groups\" value=\"[]\" \/><input type=\"hidden\" name=\"_wpcf7cf_repeaters\" value=\"[]\" \/><input type=\"hidden\" name=\"_wpcf7cf_steps\" value=\"{}\" \/><input type=\"hidden\" name=\"_wpcf7cf_options\" value=\"{&quot;form_id&quot;:133,&quot;conditions&quot;:[],&quot;settings&quot;:{&quot;animation&quot;:&quot;yes&quot;,&quot;animation_intime&quot;:200,&quot;animation_outtime&quot;:200,&quot;conditions_ui&quot;:&quot;normal&quot;,&quot;notice_dismissed&quot;:false,&quot;notice_dismissed_rollback-cf7-5.8&quot;:true}}\" \/><input type=\"hidden\" name=\"_wpcf7dtx_version\" value=\"5.0.5\" \/>\n<\/fieldset>\n<table>\n\t<tr>\n\t\t<td>\n\t\t\t<p><span class=\"wpcf7-form-control-wrap\" data-name=\"dureeactivite\"><span class=\"wpcf7-form-control wpcf7-checkbox\"><span class=\"wpcf7-list-item first last\"><input type=\"checkbox\" name=\"dureeactivite[]\" value=\"Je certifie avoir 18 mois d\u2019activit\u00e9 ou plus\" \/><span class=\"wpcf7-list-item-label\">I certify that I have been in business for 18 months or more<\/span><\/span><\/span><\/span>\n\t\t\t<\/p>\n\t\t\t<p><span class=\"wpcf7-form-control-wrap\" data-name=\"professionnel\"><span class=\"wpcf7-form-control wpcf7-checkbox\"><span class=\"wpcf7-list-item first last\"><input type=\"checkbox\" name=\"professionnel[]\" value=\"Je suis un professionnel de l\u2019escape game\" \/><span class=\"wpcf7-list-item-label\">I'm an escape game professional<\/span><\/span><\/span><\/span>\n\t\t\t<\/p>\n\t\t\t<p><span class=\"wpcf7-form-control-wrap\" data-name=\"collaboratif\"><span class=\"wpcf7-form-control wpcf7-checkbox\"><span class=\"wpcf7-list-item first last\"><input type=\"checkbox\" name=\"collaboratif[]\" value=\"Je souhaite participer \u00e0 un projet collaboratif\" \/><span class=\"wpcf7-list-item-label\">I would like to take part in a collaborative project<\/span><\/span><\/span><\/span>\n\t\t\t<\/p>\n\t\t\t<p><span class=\"wpcf7-form-control-wrap\" data-name=\"communication\"><span class=\"wpcf7-form-control wpcf7-checkbox\"><span class=\"wpcf7-list-item first last\"><input type=\"checkbox\" name=\"communication[]\" value=\"Je m\u2019engage \u00e0 faire la promotion de l\u2019\u00e9tablissement\" \/><span class=\"wpcf7-list-item-label\">I undertake to promote the establishment<\/span><\/span><\/span><\/span>\n\t\t\t<\/p>\n\t\t\t<p><span class=\"wpcf7-form-control-wrap\" data-name=\"delais\"><span class=\"wpcf7-form-control wpcf7-checkbox\"><span class=\"wpcf7-list-item first last\"><input type=\"checkbox\" name=\"delais[]\" value=\"Je m\u2019engage \u00e0 tenir les d\u00e9lais du projet\" \/><span class=\"wpcf7-list-item-label\">I undertake to meet the project deadlines<\/span><\/span><\/span><\/span>\n\t\t\t<\/p>\n\t\t\t<p><span class=\"wpcf7-form-control-wrap\" data-name=\"type\"><select class=\"wpcf7-form-control wpcf7-select\" aria-invalid=\"false\" multiple=\"multiple\" name=\"type[]\"><option value=\"\">-Please select an option-<\/option><option value=\"J&#039;ai un ou plusieurs \u00e9tablissements\">I have one or more establishments<\/option><option value=\"Je suis cr\u00e9ateur ind\u00e9pendant\">I am a freelance designer<\/option><option value=\"Je suis gamedesigner\">I'm a gamedesigner<\/option><option value=\"Je suis une franchise\">I am a franchise<\/option><option value=\"Autre...\">Other...<\/option><\/select><\/span>\n\t\t\t<\/p>\n\t\t<\/td>\n\t\t<td>\n\t\t\t<p><b>Number of rooms required :<\/b><span class=\"wpcf7-form-control-wrap\" data-name=\"nbrooms\"><span class=\"wpcf7-form-control wpcf7-radio\"><span class=\"wpcf7-list-item first\"><input type=\"radio\" name=\"nbrooms\" value=\"1\" checked=\"checked\" \/><span class=\"wpcf7-list-item-label\">1<\/span><\/span><span class=\"wpcf7-list-item\"><input type=\"radio\" name=\"nbrooms\" value=\"2\" \/><span class=\"wpcf7-list-item-label\">2<\/span><\/span><span class=\"wpcf7-list-item\"><input type=\"radio\" name=\"nbrooms\" value=\"3\" \/><span class=\"wpcf7-list-item-label\">3<\/span><\/span><span class=\"wpcf7-list-item last\"><input type=\"radio\" name=\"nbrooms\" value=\"4\" \/><span class=\"wpcf7-list-item-label\">4<\/span><\/span><\/span><\/span>\n\t\t\t<\/p>\n\t\t\t<p><b>Area required per room : <\/b><br \/>\n<span class=\"wpcf7-form-control-wrap\" data-name=\"surfacemini\"><input size=\"10\" maxlength=\"400\" class=\"wpcf7-form-control wpcf7-text\" aria-invalid=\"false\" value=\"\" type=\"text\" name=\"surfacemini\" \/><\/span>m\u00b2 to <span class=\"wpcf7-form-control-wrap\" data-name=\"surfacemaxi\"><input size=\"10\" maxlength=\"400\" class=\"wpcf7-form-control wpcf7-text\" aria-invalid=\"false\" value=\"\" type=\"text\" name=\"surfacemaxi\" \/><\/span>m\u00b2 approximately\n\t\t\t<\/p>\n\t\t\t<p><b>Number of players per room : <\/b>\n\t\t\t<\/p>\n\t\t\t<p><span class=\"wpcf7-form-control-wrap\" data-name=\"joueursmini\"><input size=\"10\" maxlength=\"400\" class=\"wpcf7-form-control wpcf7-text\" aria-invalid=\"false\" value=\"\" type=\"text\" name=\"joueursmini\" \/><\/span> to <span class=\"wpcf7-form-control-wrap\" data-name=\"joueursmaxi\"><input size=\"10\" maxlength=\"400\" class=\"wpcf7-form-control wpcf7-text\" aria-invalid=\"false\" value=\"\" type=\"text\" name=\"joueursmaxi\" \/><\/span> players\n\t\t\t<\/p>\n\t\t\t<p><b>Proposed theme(s) : <\/b>\n\t\t\t<\/p>\n\t\t\t<p><span class=\"wpcf7-form-control-wrap\" data-name=\"theme\"><textarea cols=\"40\" rows=\"2\" maxlength=\"2000\" class=\"wpcf7-form-control wpcf7-textarea wpcf7-validates-as-required\" aria-required=\"true\" aria-invalid=\"false\" name=\"theme\"><\/textarea><\/span>\n\t\t\t<\/p>\n\t\t<\/td>\n\t<\/tr>\n\t<tr>\n\t\t<td colspan>\n\t\t\t<p><b>Additional information:<\/b>\n\t\t\t<\/p>\n\t\t\t<p>- Game principles, types of objects and puzzles, setting, mechanics, game modes...\n\t\t\t<\/p>\n\t\t\t<p><span class=\"wpcf7-form-control-wrap\" data-name=\"inforoom\"><textarea cols=\"40\" rows=\"5\" maxlength=\"2000\" class=\"wpcf7-form-control wpcf7-textarea wpcf7-validates-as-required\" aria-required=\"true\" aria-invalid=\"false\" name=\"inforoom\"><\/textarea><\/span>\n\t\t\t<\/p>\n\t\t\t<p>- Current room occupancy rate : <span class=\"wpcf7-form-control-wrap\" data-name=\"remplissage\"><input size=\"3\" maxlength=\"400\" class=\"wpcf7-form-control wpcf7-text wpcf7-validates-as-required\" aria-required=\"true\" aria-invalid=\"false\" value=\"\" type=\"text\" name=\"remplissage\" \/><\/span>%\n\t\t\t<\/p>\n\t\t\t<p>- Estimated cost of works and accessories (investment) : <span class=\"wpcf7-form-control-wrap\" data-name=\"travaux\"><input size=\"8\" maxlength=\"400\" class=\"wpcf7-form-control wpcf7-text wpcf7-validates-as-required\" aria-required=\"true\" aria-invalid=\"false\" value=\"\" type=\"text\" name=\"travaux\" \/><\/span>\u20ac\n\t\t\t<\/p>\n\t\t\t<p>- Do you need financing? : <span class=\"wpcf7-form-control-wrap\" data-name=\"financement\"><span class=\"wpcf7-form-control wpcf7-radio\"><span class=\"wpcf7-list-item first\"><input type=\"radio\" name=\"financement\" value=\"Oui\" checked=\"checked\" \/><span class=\"wpcf7-list-item-label\">Yes<\/span><\/span><span class=\"wpcf7-list-item\"><input type=\"radio\" name=\"financement\" value=\"Partiel\" \/><span class=\"wpcf7-list-item-label\">Partial<\/span><\/span><span class=\"wpcf7-list-item last\"><input type=\"radio\" name=\"financement\" value=\"Non\" \/><span class=\"wpcf7-list-item-label\">No<\/span><\/span><\/span><\/span>\n\t\t\t<\/p>\n\t\t<\/td>\n\t\t<td>\n\t\t\t<p><label> Your company<br \/>\n<span class=\"wpcf7-form-control-wrap\" data-name=\"your-company\"><input size=\"50\" maxlength=\"400\" class=\"wpcf7-form-control wpcf7-text wpcf7-validates-as-required\" aria-required=\"true\" aria-invalid=\"false\" value=\"\" type=\"text\" name=\"your-company\" \/><\/span> <\/label><br \/>\n<label> Your name<br \/>\n<span class=\"wpcf7-form-control-wrap\" data-name=\"your-name\"><input size=\"50\" maxlength=\"400\" class=\"wpcf7-form-control wpcf7-text wpcf7-validates-as-required\" aria-required=\"true\" aria-invalid=\"false\" value=\"\" type=\"text\" name=\"your-name\" \/><\/span> <\/label><br \/>\n<label> Your e-mail address (required)<br \/>\n<span class=\"wpcf7-form-control-wrap\" data-name=\"your-email\"><input size=\"50\" maxlength=\"400\" class=\"wpcf7-form-control wpcf7-email wpcf7-validates-as-required wpcf7-text wpcf7-validates-as-email\" aria-required=\"true\" aria-invalid=\"false\" value=\"\" type=\"email\" name=\"your-email\" \/><\/span> <\/label>\n\t\t\t<\/p>\n\t\t\t<p>Other info :<br \/>\n<span class=\"wpcf7-form-control-wrap\" data-name=\"themeplus\"><textarea cols=\"40\" rows=\"4\" maxlength=\"2000\" class=\"wpcf7-form-control wpcf7-textarea wpcf7-validates-as-required\" aria-required=\"true\" aria-invalid=\"false\" name=\"themeplus\"><\/textarea><\/span>\n\t\t\t<\/p>\n\t\t<\/td>\n\t<\/tr>\n<\/table>\n<p>Select a project :<br \/>\n<span class=\"wpcf7-form-control-wrap\" data-name=\"ville\"><select class=\"wpcf7-form-control wpcf7-select\" aria-invalid=\"false\" name=\"ville\"><option value=\"TOUTES VILLES\">ALL CITIES<\/option><option value=\"PARIS 2e\">PARIS 2nd<\/option><option value=\"LYON\">LYON<\/option><option value=\"SUISSE\">SWITZERLAND<\/option><\/select><\/span><br \/>\n<input class=\"wpcf7-form-control wpcf7-submit has-spinner\" type=\"submit\" value=\"Send my application\" \/>\n<\/p><div class=\"wpcf7-response-output\" aria-hidden=\"true\"><\/div>\n<input type=\"hidden\" name=\"trp-form-language\" value=\"en\"\/><\/form>\n<\/div>\n\n<\/div>\n<\/div><\/div><\/div><\/div><\/div>","protected":false},"excerpt":{"rendered":"<p>The Escape LAB&rsquo; est un projet unique d\u00e9di\u00e9 aux cr\u00e9ateurs d&rsquo;escape rooms (ind\u00e9pendants, concepteurs, gamedesigners et franchises).Rejoignez un de nos complexes pour y installer de fa\u00e7on p\u00e9renne ou \u00e9ph\u00e9m\u00e8re vos escape rooms.Avant de nous soumettre votre dossier merci de :Justifier de 18 mois d&rsquo;activit\u00e9 ou plus dans l&rsquo;escape game\u00catre cr\u00e9ateur d&rsquo;escape rooms originales imagin\u00e9es et [&hellip;]<\/p>","protected":false},"author":4,"featured_media":0,"parent":0,"menu_order":0,"comment_status":"closed","ping_status":"closed","template":"templates\/template-full-notitle.php","meta":{"_acf_changed":false,"footnotes":""},"class_list":["post-132","page","type-page","status-publish","hentry","post"],"acf":[],"_links":{"self":[{"href":"https:\/\/www.escapelab.fr\/en\/wp-json\/wp\/v2\/pages\/132","targetHints":{"allow":["GET"]}}],"collection":[{"href":"https:\/\/www.escapelab.fr\/en\/wp-json\/wp\/v2\/pages"}],"about":[{"href":"https:\/\/www.escapelab.fr\/en\/wp-json\/wp\/v2\/types\/page"}],"author":[{"embeddable":true,"href":"https:\/\/www.escapelab.fr\/en\/wp-json\/wp\/v2\/users\/4"}],"replies":[{"embeddable":true,"href":"https:\/\/www.escapelab.fr\/en\/wp-json\/wp\/v2\/comments?post=132"}],"version-history":[{"count":0,"href":"https:\/\/www.escapelab.fr\/en\/wp-json\/wp\/v2\/pages\/132\/revisions"}],"wp:attachment":[{"href":"https:\/\/www.escapelab.fr\/en\/wp-json\/wp\/v2\/media?parent=132"}],"curies":[{"name":"wp","href":"https:\/\/api.w.org\/{rel}","templated":true}]}}