{"id":10834,"date":"2021-10-14T16:46:16","date_gmt":"2021-10-14T14:46:16","guid":{"rendered":"https:\/\/www.escapelab.fr\/?page_id=10834"},"modified":"2021-10-27T22:02:11","modified_gmt":"2021-10-27T20:02:11","slug":"oz-experience-vr-realite-virtuelle","status":"publish","type":"page","link":"https:\/\/www.escapelab.fr\/en\/oz-experience-vr-virtual-reality\/","title":{"rendered":"OZ Experience VR &#8211; R\u00e9alit\u00e9 Virtuelle 2 jeux VR 4D &#8211; 3 exp\u00e9riences en VR D-BOX"},"content":{"rendered":"<div id=\"pl-10834\"  class=\"panel-layout\" ><div id=\"pg-10834-0\"  class=\"panel-grid panel-has-style\" ><div style=\"background-color: #000000; \" class=\"panel-row-style panel-row-style-for-10834-0\" ><div id=\"pgc-10834-0-0\"  class=\"panel-grid-cell\" ><div id=\"panel-10834-0-0-0\" class=\"so-panel widget widget_siteorigin-panels-builder panel-first-child panel-last-child\" data-index=\"0\" ><div id=\"pl-w6179b0436061a\"  class=\"panel-layout\" ><div id=\"pg-w6179b0436061a-0\"  class=\"panel-grid panel-no-style\" ><div id=\"pgc-w6179b0436061a-0-0\"  class=\"panel-grid-cell\" ><div id=\"panel-w6179b0436061a-0-0-0\" class=\"so-panel widget widget_sow-image panel-first-child panel-last-child\" data-index=\"0\" ><div\n\t\t\t\n\t\t\tclass=\"so-widget-sow-image so-widget-sow-image-default-8b5b6f678277\"\n\t\t\t\n\t\t>\n<div class=\"sow-image-container\">\n\t\t<img \n\tsrc=\"https:\/\/www.escapelab.fr\/wp-content\/uploads\/2021\/10\/oz-xp-sans-baseline.png\" width=\"400\" height=\"250\" srcset=\"https:\/\/www.escapelab.fr\/wp-content\/uploads\/2021\/10\/oz-xp-sans-baseline.png 400w, https:\/\/www.escapelab.fr\/wp-content\/uploads\/2021\/10\/oz-xp-sans-baseline-300x188.png 300w\" sizes=\"(max-width: 400px) 100vw, 400px\" alt=\"\" \t\tclass=\"so-widget-image\"\/>\n\t<\/div>\n\n<\/div><\/div><\/div><div id=\"pgc-w6179b0436061a-0-1\"  class=\"panel-grid-cell panel-grid-cell-mobile-last\" ><div id=\"panel-w6179b0436061a-0-1-0\" class=\"so-panel widget widget_sow-image panel-first-child\" data-index=\"1\" ><div\n\t\t\t\n\t\t\tclass=\"so-widget-sow-image so-widget-sow-image-default-8b5b6f678277\"\n\t\t\t\n\t\t><\/div><\/div><div id=\"panel-w6179b0436061a-0-1-1\" class=\"so-panel widget widget_sow-headline panel-last-child\" data-index=\"2\" ><div\n\t\t\t\n\t\t\tclass=\"so-widget-sow-headline so-widget-sow-headline-default-74163bdc0a2c\"\n\t\t\t\n\t\t><div class=\"sow-headline-container\">\n\t\t\t\t\t\t\t<h2 class=\"sow-headline\">\n\t\t\t\t\t\tEscape LAB Paris offers you the best in virtual reality: VR escape games &amp; VR experiences thanks to its exclusive partnership with OZ Exp\u00e9rience by Backlight\t\t\t\t\t\t<\/h2>\n\t\t\t\t\t\t<\/div>\n<\/div><\/div><\/div><div id=\"pgc-w6179b0436061a-0-2\"  class=\"panel-grid-cell panel-grid-cell-empty\" ><\/div><\/div><div id=\"pg-w6179b0436061a-1\"  class=\"panel-grid panel-has-style\" ><div class=\"siteorigin-panels-stretch panel-row-style-full-width panel-row-style panel-row-style-for-w6179b0436061a-1\" data-stretch-type=\"full-stretched\" ><div id=\"pgc-w6179b0436061a-1-0\"  class=\"panel-grid-cell\" ><div id=\"panel-w6179b0436061a-1-0-0\" class=\"so-panel widget widget_sow-image panel-first-child panel-last-child\" data-index=\"3\" ><div\n\t\t\t\n\t\t\tclass=\"so-widget-sow-image so-widget-sow-image-default-113ccd71f3e6\"\n\t\t\t\n\t\t>\n<div class=\"sow-image-container\">\n\t\t\t<a href=\"https:\/\/www.escapelab.fr\/en\/ascenders\/\"\n\t\t\t\t\t>\n\t\t\t<img \n\tsrc=\"https:\/\/www.escapelab.fr\/wp-content\/uploads\/2021\/10\/face-txtascenders.jpg\" width=\"500\" height=\"600\" srcset=\"https:\/\/www.escapelab.fr\/wp-content\/uploads\/2021\/10\/face-txtascenders.jpg 500w, https:\/\/www.escapelab.fr\/wp-content\/uploads\/2021\/10\/face-txtascenders-250x300.jpg 250w\" sizes=\"(max-width: 500px) 100vw, 500px\" alt=\"Virtual reality game Ascenders VR\" \t\tclass=\"so-widget-image\"\/>\n\t\t\t<\/a><\/div>\n\n<\/div><\/div><\/div><div id=\"pgc-w6179b0436061a-1-1\"  class=\"panel-grid-cell\" ><div id=\"panel-w6179b0436061a-1-1-0\" class=\"so-panel widget widget_sow-image panel-first-child\" data-index=\"4\" ><div\n\t\t\t\n\t\t\tclass=\"so-widget-sow-image so-widget-sow-image-default-113ccd71f3e6\"\n\t\t\t\n\t\t>\n<div class=\"sow-image-container\">\n\t\t\t<a href=\"https:\/\/www.escapelab.fr\/en\/ascenders\/\"\n\t\t\t\t\t>\n\t\t\t<img \n\tsrc=\"https:\/\/www.escapelab.fr\/wp-content\/uploads\/2021\/10\/ascenders-400x250-1.png\" width=\"400\" height=\"250\" srcset=\"https:\/\/www.escapelab.fr\/wp-content\/uploads\/2021\/10\/ascenders-400x250-1.png 400w, https:\/\/www.escapelab.fr\/wp-content\/uploads\/2021\/10\/ascenders-400x250-1-300x188.png 300w\" sizes=\"(max-width: 400px) 100vw, 400px\" title=\"ascenders-400\u00d7250\" alt=\"\" \t\tclass=\"so-widget-image\"\/>\n\t\t\t<\/a><\/div>\n\n<\/div><\/div><div id=\"panel-w6179b0436061a-1-1-1\" class=\"so-panel widget widget_sow-editor\" data-index=\"5\" ><div\n\t\t\t\n\t\t\tclass=\"so-widget-sow-editor so-widget-sow-editor-base\"\n\t\t\t\n\t\t>\n<div class=\"siteorigin-widget-tinymce textwidget\">\n\t<p><span style=\"color: #ffffff;\">The mysterious island on which you have just run aground has cliffs that look like stone giants... Your arrival here seems supernatural, but the huge wave, far behind you, is very real! A white glow at the top of the island could surely save you... Discover the secrets of the archipelago and reach the heights as quickly as possible.<\/span><\/p>\n<p><span style=\"color: #ffffff;\"><strong>LAB's help<\/strong>\u00a0An impressive cooperative odyssey where emotions and sensations intertwine. The power of virtual reality and the haptics (effects) ensure total immersion in a dreamlike world from which you won't emerge unscathed. 2 vr zones available for up to 8 simultaneous players.<\/span><\/p>\n<\/div>\n<\/div><\/div><div id=\"panel-w6179b0436061a-1-1-2\" class=\"so-panel widget widget_sow-editor panel-last-child\" data-index=\"6\" ><div\n\t\t\t\n\t\t\tclass=\"so-widget-sow-editor so-widget-sow-editor-base\"\n\t\t\t\n\t\t>\n<div class=\"siteorigin-widget-tinymce textwidget\">\n\t<p><span style=\"color: #ffffff;\">' <a style=\"color: #ffffff;\" href=\"https:\/\/www.escapelab.fr\/en\/ascenders\/\"><strong><span style=\"color: #ffffff;\">Book<\/span><\/strong><\/a><\/span><\/p>\n<\/div>\n<\/div><\/div><\/div><div id=\"pgc-w6179b0436061a-1-2\"  class=\"panel-grid-cell panel-grid-cell-empty\" ><\/div><div id=\"pgc-w6179b0436061a-1-3\"  class=\"panel-grid-cell\" ><div id=\"panel-w6179b0436061a-1-3-0\" class=\"so-panel widget widget_sow-image panel-first-child\" data-index=\"7\" ><div\n\t\t\t\n\t\t\tclass=\"so-widget-sow-image so-widget-sow-image-default-113ccd71f3e6\"\n\t\t\t\n\t\t>\n<div class=\"sow-image-container\">\n\t\t\t<a href=\"https:\/\/www.escapelab.fr\/en\/eclipse\/\"\n\t\t\t\t\t>\n\t\t\t<img \n\tsrc=\"https:\/\/www.escapelab.fr\/wp-content\/uploads\/2021\/10\/eclipse-400x250-1.png\" width=\"400\" height=\"250\" srcset=\"https:\/\/www.escapelab.fr\/wp-content\/uploads\/2021\/10\/eclipse-400x250-1.png 400w, https:\/\/www.escapelab.fr\/wp-content\/uploads\/2021\/10\/eclipse-400x250-1-300x188.png 300w\" sizes=\"(max-width: 400px) 100vw, 400px\" title=\"eclipse-400\u00d7250\" alt=\"\" \t\tclass=\"so-widget-image\"\/>\n\t\t\t<\/a><\/div>\n\n<\/div><\/div><div id=\"panel-w6179b0436061a-1-3-1\" class=\"so-panel widget widget_sow-editor\" data-index=\"8\" ><div\n\t\t\t\n\t\t\tclass=\"so-widget-sow-editor so-widget-sow-editor-base\"\n\t\t\t\n\t\t>\n<div class=\"siteorigin-widget-tinymce textwidget\">\n\t<p><span style=\"color: #ffffff;\">Your mission is simple: in space, you must dock with the ship ECLIPSE I, about which there has been no news for years, rescue the crew if they are still on board and return to Earth before the solar flare...<\/span><\/p>\n<p><strong style=\"color: #ffffff;\">LAB's help<\/strong><span style=\"color: #ffffff;\">\u00a0Technology and stunning graphics make this game an incredible experience, with 98% in customer satisfaction. Allow 60 minutes on site (equipment, briefing, 40 minutes mission and debriefing). 2 zones available for up to 8 simultaneous players.<\/span><\/p>\n<\/div>\n<\/div><\/div><div id=\"panel-w6179b0436061a-1-3-2\" class=\"so-panel widget widget_sow-editor panel-last-child\" data-index=\"9\" ><div\n\t\t\t\n\t\t\tclass=\"so-widget-sow-editor so-widget-sow-editor-base\"\n\t\t\t\n\t\t>\n<div class=\"siteorigin-widget-tinymce textwidget\">\n\t<p><span style=\"color: #ffffff;\">' <a style=\"color: #ffffff;\" href=\"https:\/\/www.escapelab.fr\/en\/eclipse\/\"><strong><span style=\"color: #ffffff;\">Book<\/span><\/strong><\/a><\/span><\/p>\n<\/div>\n<\/div><\/div><\/div><div id=\"pgc-w6179b0436061a-1-4\"  class=\"panel-grid-cell\" ><div id=\"panel-w6179b0436061a-1-4-0\" class=\"so-panel widget widget_sow-image panel-first-child panel-last-child\" data-index=\"10\" ><div\n\t\t\t\n\t\t\tclass=\"so-widget-sow-image so-widget-sow-image-default-113ccd71f3e6\"\n\t\t\t\n\t\t>\n<div class=\"sow-image-container\">\n\t\t\t<a href=\"https:\/\/www.escapelab.fr\/en\/eclipse\/\"\n\t\t\t\t\t>\n\t\t\t<img \n\tsrc=\"https:\/\/www.escapelab.fr\/wp-content\/uploads\/2021\/10\/face-txt-eclipse.jpg\" width=\"500\" height=\"600\" srcset=\"https:\/\/www.escapelab.fr\/wp-content\/uploads\/2021\/10\/face-txt-eclipse.jpg 500w, https:\/\/www.escapelab.fr\/wp-content\/uploads\/2021\/10\/face-txt-eclipse-250x300.jpg 250w\" sizes=\"(max-width: 500px) 100vw, 500px\" title=\"eclipse vr 4D escape game virtual reality\" alt=\"eclipse vr 4D escape game virtual reality\" \t\tclass=\"so-widget-image\"\/>\n\t\t\t<\/a><\/div>\n\n<\/div><\/div><\/div><\/div><\/div><div id=\"pg-w6179b0436061a-2\"  class=\"panel-grid panel-has-style\" ><div class=\"siteorigin-panels-stretch panel-row-style-full-width panel-row-style panel-row-style-for-w6179b0436061a-2\" data-stretch-type=\"full-stretched\" ><div id=\"pgc-w6179b0436061a-2-0\"  class=\"panel-grid-cell panel-grid-cell-empty\" ><\/div><div id=\"pgc-w6179b0436061a-2-1\"  class=\"panel-grid-cell panel-grid-cell-mobile-last\" ><div id=\"panel-w6179b0436061a-2-1-0\" class=\"so-panel widget widget_sow-editor panel-first-child panel-last-child\" data-index=\"11\" ><div\n\t\t\t\n\t\t\tclass=\"so-widget-sow-editor so-widget-sow-editor-base\"\n\t\t\t\n\t\t>\n<div class=\"siteorigin-widget-tinymce textwidget\">\n\t<p><span style=\"color: #ffffff;\"><em>Equipped with HD VR headset and sensors, free, 100% of your movements will be visible in the game. Microphones allow you to chat with your friends. And special effects will give you an incredible experience. Embark on a cooperative game in 4D virtual reality in teams of 2, 3 or 4 players where logic, observation and team spirit will be needed to succeed in your mission.<\/em> PS: Forget your preconceived ideas about virtual reality. With hyper-realistic HD graphics and movements faithfully reproduced in the game, this VR experience does not generate \"motion sickness\". 98% customer satisfaction rating<\/span><\/p>\n<\/div>\n<\/div><\/div><\/div><div id=\"pgc-w6179b0436061a-2-2\"  class=\"panel-grid-cell panel-grid-cell-empty\" ><\/div><\/div><\/div><div id=\"pg-w6179b0436061a-3\"  class=\"panel-grid panel-has-style\" ><div class=\"siteorigin-panels-stretch panel-row-style-full-width panel-row-style panel-row-style-for-w6179b0436061a-3\" data-stretch-type=\"full-stretched\" ><div id=\"pgc-w6179b0436061a-3-0\"  class=\"panel-grid-cell\" ><div id=\"panel-w6179b0436061a-3-0-0\" class=\"so-panel widget widget_sow-headline panel-first-child panel-last-child\" data-index=\"12\" ><div\n\t\t\t\n\t\t\tclass=\"so-widget-sow-headline so-widget-sow-headline-default-74163bdc0a2c\"\n\t\t\t\n\t\t><div class=\"sow-headline-container\">\n\t\t\t\t\t\t\t<h2 class=\"sow-headline\">\n\t\t\t\t\t\tExperience the Ride VR 4D: breathtaking experiences (Movement, Sensations, Wind...) wedged into ultra-immersive D-BOX seats. Sensations guaranteed!\t\t\t\t\t\t<\/h2>\n\t\t\t\t\t\t<\/div>\n<\/div><\/div><\/div><div id=\"pgc-w6179b0436061a-3-1\"  class=\"panel-grid-cell\" ><div id=\"panel-w6179b0436061a-3-1-0\" class=\"so-panel widget widget_sow-video panel-first-child panel-last-child\" data-index=\"13\" ><div\n\t\t\t\n\t\t\tclass=\"so-widget-sow-video so-widget-sow-video-default-f379b959fc93\"\n\t\t\t\n\t\t>\n<div class=\"sow-video-wrapper use-fitvids\">\n\t\t\t<video\n\t\t\tid=\"sow-player-1\" class=\"sow-video-widget\" preload=\"auto\" style=\"width:100%;height:100%;\" autoplay playsinline muted=\"1\" loop=\"true\" controls>\n\t\t\t\t\t\t\t<source type=\"video\/mp4\" src=\"https:\/\/www.escapelab.fr\/wp-content\/uploads\/2021\/10\/VRDBOX-Trailer-Sequence-1-1.mp4\"\/>\n\t\t\t\t\t<\/video>\n\t<\/div>\n<\/div><\/div><\/div><\/div><\/div><\/div><\/div><\/div><\/div><\/div><\/div>","protected":false},"excerpt":{"rendered":"<p>Escape LAB Paris vous offre le meilleur de la r\u00e9alit\u00e9 virtuelle : escape game VR &amp; exp\u00e9riences VR gr\u00e2ce \u00e0 son partenariat exclusif avec OZ Exp\u00e9rience by Backlight L&rsquo;\u00eele myst\u00e9rieuse sur laquelle vous venez d&rsquo;\u00e9chouer comporte des falaises aux allures de g\u00e9ants de pierre&#8230; Votre arriv\u00e9e ici semble surnaturelle, mais la vague immense, au loin [&hellip;]<\/p>","protected":false},"author":4,"featured_media":10835,"parent":0,"menu_order":0,"comment_status":"closed","ping_status":"closed","template":"templates\/template-full-notitle.php","meta":{"_acf_changed":false,"footnotes":""},"class_list":["post-10834","page","type-page","status-publish","has-post-thumbnail","hentry","post","post-with-thumbnail","post-with-thumbnail-large"],"acf":[],"_links":{"self":[{"href":"https:\/\/www.escapelab.fr\/en\/wp-json\/wp\/v2\/pages\/10834","targetHints":{"allow":["GET"]}}],"collection":[{"href":"https:\/\/www.escapelab.fr\/en\/wp-json\/wp\/v2\/pages"}],"about":[{"href":"https:\/\/www.escapelab.fr\/en\/wp-json\/wp\/v2\/types\/page"}],"author":[{"embeddable":true,"href":"https:\/\/www.escapelab.fr\/en\/wp-json\/wp\/v2\/users\/4"}],"replies":[{"embeddable":true,"href":"https:\/\/www.escapelab.fr\/en\/wp-json\/wp\/v2\/comments?post=10834"}],"version-history":[{"count":0,"href":"https:\/\/www.escapelab.fr\/en\/wp-json\/wp\/v2\/pages\/10834\/revisions"}],"wp:featuredmedia":[{"embeddable":true,"href":"https:\/\/www.escapelab.fr\/en\/wp-json\/wp\/v2\/media\/10835"}],"wp:attachment":[{"href":"https:\/\/www.escapelab.fr\/en\/wp-json\/wp\/v2\/media?parent=10834"}],"curies":[{"name":"wp","href":"https:\/\/api.w.org\/{rel}","templated":true}]}}